{"id":108,"date":"2020-05-27T23:27:50","date_gmt":"2020-05-27T23:27:50","guid":{"rendered":"https:\/\/edsondavid.com.br\/tphu\/?page_id=108"},"modified":"2021-08-14T12:36:54","modified_gmt":"2021-08-14T12:36:54","slug":"reiki","status":"publish","type":"page","link":"https:\/\/edsondavid.com.br\/tphu\/reiki\/","title":{"rendered":"Reiki"},"content":{"rendered":"<p style=\"text-align: center;\"><strong><span style=\"color: #800080;\">TERAPIAS<\/span><\/strong><\/p>\n<p style=\"text-align: center;\"><strong><span style=\"color: #800080;\">REIKI LUZ, CURA LUZ, LASER LUZ<\/span><\/strong><br \/>\n<strong><span style=\"color: #800080;\">SA\u00daDE EMOCIONAL E BEM-ESTAR, LONGEVIDADE E QUALIDADE DE VIDA!<\/span><\/strong><\/p>\n<p style=\"text-align: center;\"><span style=\"color: #800080;\"><strong>Terapia utilizada para:<\/strong> Limpar, descarregar, transmutar, esterilizar, energizar, imunizar.<\/span><\/p>\n<p style=\"text-align: center;\"><span style=\"color: #800080;\">Terapia que ajuda no auto-restabelecimento e na autocura. <\/span><br \/>\n<span style=\"color: #800080;\">Recarregando, equilibrando e aplicando as ondas vibracionais da Vida, <\/span><br \/>\n<span style=\"color: #800080;\">atrav\u00e9s dos pontos e canais dos meridianos.<\/span><\/p>\n<p style=\"text-align: center;\"><strong><span style=\"color: #800080;\">REIKI LUZ<\/span><\/strong><\/p>\n<p style=\"text-align: center;\"><span style=\"color: #800080;\">Aplica\u00e7\u00e3o atrav\u00e9s da imposi\u00e7\u00e3o das m\u00e3os nos sete chakras. S\u00edmbolo Energ\u00e9ticos <\/span><br \/>\n<span style=\"color: #800080;\">de Cura e pela Magnetismo, pelas Placas Nulificadoras e Energizadores.<\/span><\/p>\n<p style=\"text-align: center;\"><strong><span style=\"color: #800080;\">CURA LUZ PELA ENERGIA LUZ<\/span><\/strong><\/p>\n<p style=\"text-align: center;\"><span style=\"color: #800080;\">T\u00e9cnica que engloba os sete pontos energ\u00e9ticos e <\/span><br \/>\n<span style=\"color: #800080;\">f\u00edsicos em consci\u00eancia superior do ser humano.<\/span><\/p>\n<p style=\"text-align: center;\"><strong><span style=\"color: #800080;\">LASER LUZ COM BAST\u00c3O DE CRISTAL<\/span><\/strong><\/p>\n<p style=\"text-align: center;\"><span style=\"color: #800080;\">\u00c9 a terapia de nutri\u00e7\u00e3o energ\u00e9tica da Sa\u00fade Emocional.<\/span><br \/>\n<span style=\"color: #800080;\">\u00c9 uma Terapia Energ\u00e9tica pela Energia C\u00f3smica Solar Violeta.<\/span><\/p>\n<p style=\"text-align: center;\"><strong><span style=\"color: #800080;\">REIKI LUZ, CURA LUZ UMA TECNOLOGIA VIBRACIONAL PARA VOC\u00ca!<\/span><\/strong><\/p>\n<p style=\"text-align: center;\"><strong><span style=\"color: #800080;\">Guardi\u00f5es e Magos do Fogo Violeta &#8211; Mestres em Reiki<\/span><\/strong><br \/>\n<span style=\"color: #800080;\"><strong>Edson Pereira<\/strong> &#8211; (17) 99259-7081<\/span><br \/>\n<span style=\"color: #800080;\"><strong>Paula Pereira<\/strong> &#8211; (17) 98806-3621<\/span><br \/>\n<em><strong><span style=\"color: #800080;\">Utilizando a Chama Violeta<\/span><\/strong><\/em><\/p>\n<p style=\"text-align: center;\"><strong><span style=\"color: #800080;\">GRUPO EMPRESARIAL HOL\u00cdSTICO<\/span><\/strong><\/p>\n","protected":false},"excerpt":{"rendered":"<p>TERAPIAS REIKI LUZ, CURA LUZ, LASER LUZ SA\u00daDE EMOCIONAL E BEM-ESTAR, LONGEVIDADE E QUALIDADE DE VIDA! Terapia utilizada para: Limpar, descarregar, transmutar, esterilizar, energizar, imunizar. Terapia que ajuda no auto-restabelecimento e na autocura. Recarregando, equilibrando e aplicando as ondas vibracionais da Vida, atrav\u00e9s dos pontos e canais dos meridianos. REIKI LUZ Aplica\u00e7\u00e3o atrav\u00e9s da imposi\u00e7\u00e3o &hellip;<\/p>\n<p class=\"read-more\"> <a class=\"\" href=\"https:\/\/edsondavid.com.br\/tphu\/reiki\/\"> <span class=\"screen-reader-text\">Reiki<\/span> Leia mais &raquo;<\/a><\/p>\n","protected":false},"author":1,"featured_media":0,"parent":0,"menu_order":0,"comment_status":"closed","ping_status":"closed","template":"","meta":{"_uag_custom_page_level_css":"","footnotes":""},"class_list":["post-108","page","type-page","status-publish","hentry"],"uagb_featured_image_src":{"full":false,"thumbnail":false,"medium":false,"medium_large":false,"large":false,"1536x1536":false,"2048x2048":false},"uagb_author_info":{"display_name":"admin","author_link":"https:\/\/edsondavid.com.br\/tphu\/author\/admin\/"},"uagb_comment_info":0,"uagb_excerpt":"TERAPIAS REIKI LUZ, CURA LUZ, LASER LUZ SA\u00daDE EMOCIONAL E BEM-ESTAR, LONGEVIDADE E QUALIDADE DE VIDA! Terapia utilizada para: Limpar, descarregar, transmutar, esterilizar, energizar, imunizar. Terapia que ajuda no auto-restabelecimento e na autocura. Recarregando, equilibrando e aplicando as ondas vibracionais da Vida, atrav\u00e9s dos pontos e canais dos meridianos. REIKI LUZ Aplica\u00e7\u00e3o atrav\u00e9s da imposi\u00e7\u00e3o&hellip;","publishpress_future_action":{"enabled":false,"date":"2026-04-25 14:53:38","action":"change-status","newStatus":"draft","terms":[],"taxonomy":""},"publishpress_future_workflow_manual_trigger":{"enabledWorkflows":[]},"_links":{"self":[{"href":"https:\/\/edsondavid.com.br\/tphu\/wp-json\/wp\/v2\/pages\/108"}],"collection":[{"href":"https:\/\/edsondavid.com.br\/tphu\/wp-json\/wp\/v2\/pages"}],"about":[{"href":"https:\/\/edsondavid.com.br\/tphu\/wp-json\/wp\/v2\/types\/page"}],"author":[{"embeddable":true,"href":"https:\/\/edsondavid.com.br\/tphu\/wp-json\/wp\/v2\/users\/1"}],"replies":[{"embeddable":true,"href":"https:\/\/edsondavid.com.br\/tphu\/wp-json\/wp\/v2\/comments?post=108"}],"version-history":[{"count":5,"href":"https:\/\/edsondavid.com.br\/tphu\/wp-json\/wp\/v2\/pages\/108\/revisions"}],"predecessor-version":[{"id":337,"href":"https:\/\/edsondavid.com.br\/tphu\/wp-json\/wp\/v2\/pages\/108\/revisions\/337"}],"wp:attachment":[{"href":"https:\/\/edsondavid.com.br\/tphu\/wp-json\/wp\/v2\/media?parent=108"}],"curies":[{"name":"wp","href":"https:\/\/api.w.org\/{rel}","templated":true}]}}