{"id":133,"date":"2020-05-30T01:15:46","date_gmt":"2020-05-30T01:15:46","guid":{"rendered":"https:\/\/edsondavid.com.br\/tphu\/?page_id=133"},"modified":"2020-08-04T22:54:14","modified_gmt":"2020-08-04T22:54:14","slug":"chama-violeta","status":"publish","type":"page","link":"https:\/\/edsondavid.com.br\/tphu\/chama-violeta\/","title":{"rendered":"Chama Violeta"},"content":{"rendered":"<p align=\"justify\">Chama Violeta, Miseric\u00f3rdia Divina, sobre os fragmentos de alma sobre mim e sobre os fragmentos de almas de outras pessoas sobre mim; desce, desce, desce, desce.<\/p>\n<hr \/>\n<p><strong>396<\/strong><\/p>\n<p>Chama Violeta do Grande Sol Central (3 vezes) desce sobre a Terra e prende-a nos teus turbilh\u00f5es. Penetra em todos os cora\u00e7\u00f5es e purifica os humanos.<br \/>\nAYAM AYAM AYAM<br \/>\nEu sou AYAM, a lei da purifica\u00e7\u00e3o da Terra pela Chama Violeta do Grande Sol Central.<\/p>\n<!--[if lt IE 9]><script>document.createElement('audio');<\/script><![endif]-->\n<audio class=\"wp-audio-shortcode\" id=\"audio-133-1\" preload=\"none\" style=\"width: 100%;\" controls=\"controls\"><source type=\"audio\/mpeg\" src=\"https:\/\/edsondavid.com.br\/tphu\/wp-content\/uploads\/2020\/06\/396-Apelos1.mp3?_=1\" \/><a href=\"https:\/\/edsondavid.com.br\/tphu\/wp-content\/uploads\/2020\/06\/396-Apelos1.mp3\">https:\/\/edsondavid.com.br\/tphu\/wp-content\/uploads\/2020\/06\/396-Apelos1.mp3<\/a><\/audio>\n<hr \/>\n<p><strong>501<\/strong><\/p>\n<p>Chama Violeta do Grande Sol Central (3 vezes)<br \/>\nEm todas as almas desce;<br \/>\nDesce, desce, desce.<br \/>\nChama Violeta do Grande Sol Central (3 vezes)<br \/>\nEm todos os cora\u00e7\u00f5es desce;<br \/>\nDesce, desce, desce.<br \/>\nChama Violeta do Grande Sol Central (3 vezes)<br \/>\nEm todos os pensamentos desce;<br \/>\nDesce, desce, desce.<br \/>\nChama Violeta do Grande Sol Central (3 vezes)<br \/>\nEm todas as auras desce;<br \/>\nDesce, desce, desce.<br \/>\nChama Violeta do Grande Sol Central (3 vezes)<br \/>\nDesce em minha alma,<br \/>\nDesce em meu cora\u00e7\u00e3o,<br \/>\nDesce em meus pensamentos,<br \/>\nEm minha aura desce;<br \/>\nDesce, desce, desce.<br \/>\nChama Violeta do Grande Sol Central (3 vezes)<br \/>\nToma possess\u00e3o da alma de todos os filhos de Saint Germain.<br \/>\nToma possess\u00e3o de seu cora\u00e7\u00e3o,<br \/>\nToma possess\u00e3o de seus pensamentos,<br \/>\nToma possess\u00e3o de sua aura,<br \/>\nToma possess\u00e3o, toma possess\u00e3o, toma possess\u00e3o.<br \/>\nChama Violeta do Grande Sol Central (3 vezes)<br \/>\nConsome seus preconceitos,<br \/>\nConsome suas retic\u00eancias,<br \/>\nConsome suas preven\u00e7\u00f5es,<br \/>\nConsome os muros de que eles se rodeiam,<br \/>\nConsome, consome, consome,<br \/>\nE prepara assim o caminho ao Grande Anjo cuja coroa traz a palavra UNI\u00c3O.<br \/>\nAYAM AYAM AYAM<\/p>\n<p>293<\/p>\n<audio class=\"wp-audio-shortcode\" id=\"audio-133-2\" preload=\"none\" style=\"width: 100%;\" controls=\"controls\"><source type=\"audio\/mpeg\" src=\"https:\/\/edsondavid.com.br\/tphu\/wp-content\/uploads\/2020\/06\/501-Apelos1.mp3?_=2\" \/><a href=\"https:\/\/edsondavid.com.br\/tphu\/wp-content\/uploads\/2020\/06\/501-Apelos1.mp3\">https:\/\/edsondavid.com.br\/tphu\/wp-content\/uploads\/2020\/06\/501-Apelos1.mp3<\/a><\/audio>\n<hr \/>\n<p><strong>642<\/strong><\/p>\n<p>Bem-amada Presen\u00e7a AYAM, em teu nome Todo-Poderoso, em nome de Jesus-Cristo ascensionado, por sua vontade, eu pe\u00e7o e comando.<br \/>\n\u00e0 Chama Violeta dos milhares de S\u00f3is,<br \/>\n\u00e0s legi\u00f5es da Chama Violeta dos milhares de S\u00f3is,<br \/>\naos Anjos da Chama Violeta dos milhares de S\u00f3is,<br \/>\n\u00e0s legi\u00f5es da Chama Violeta do Cristo no poder,<br \/>\n\u00e0s legi\u00f5es da Chama Violeta do Cristo neste mundo,<br \/>\n\u00e0s legi\u00f5es da Chama Violeta do Grande Sol Central,<br \/>\n\u00e0 vit\u00f3ria da Chama Violeta do Grande Sol Central,<br \/>\n\u00e0 liberdade&#8230;&#8230;&#8230;&#8230;&#8230;&#8230;&#8230;&#8230;&#8230;&#8230;. (repetir)<br \/>\n\u00e0 prote\u00e7\u00e3o&#8230;&#8230;&#8230;&#8230;&#8230;&#8230;&#8230;&#8230;&#8230;&#8230;&#8230;&#8230;&#8230;..<br \/>\n\u00e0 perfei\u00e7\u00e3o&#8230;&#8230;&#8230;&#8230;&#8230;&#8230;&#8230;&#8230;&#8230;&#8230;&#8230;&#8230;&#8230;.<br \/>\n\u00e0 riqueza&#8230;&#8230;&#8230;&#8230;&#8230;&#8230;&#8230;&#8230;&#8230;&#8230;&#8230;&#8230;&#8230;&#8230;<br \/>\n\u00e0 pureza&#8230;&#8230;&#8230;&#8230;&#8230;&#8230;&#8230;&#8230;&#8230;&#8230;&#8230;&#8230;&#8230;&#8230;.<br \/>\n\u00e0 paz&#8230;&#8230;&#8230;&#8230;&#8230;&#8230;&#8230;&#8230;&#8230;&#8230;&#8230;&#8230;&#8230;&#8230;&#8230;.<br \/>\nao amor&#8230;&#8230;&#8230;&#8230;&#8230;&#8230;&#8230;&#8230;&#8230;&#8230;&#8230;&#8230;&#8230;&#8230;..<br \/>\nao poder&#8230;&#8230;&#8230;&#8230;&#8230;&#8230;&#8230;&#8230;&#8230;&#8230;&#8230;&#8230;&#8230;&#8230;.<br \/>\nDescei sobre todos aqueles que est\u00e3o nesta radia\u00e7\u00e3o para nos libertar, para libertar o pa\u00eds, para libertar o mundo inteiro.<br \/>\nVinde, vinde, vinde e fazei ver Deus a todos aqueles que vivem, sua Toda-Poderosa Presen\u00e7a AYAM, os Mestres Ascensionados, os Grandes Seres C\u00f3smicos, a grande multid\u00e3o dos Anjos.<br \/>\nTornai-nos mestres aqui,<br \/>\ntornai-nos mestres l\u00e1,<br \/>\ntornai-nos mestres por toda parte,<br \/>\nvitoriosos (3 vezes) aqui e l\u00e1 em tudo o que n\u00f3s fazemos, em tudo o que n\u00f3s contactamos, at\u00e9 que sejamos todos ascensionados e livres.<\/p>\n<audio class=\"wp-audio-shortcode\" id=\"audio-133-3\" preload=\"none\" style=\"width: 100%;\" controls=\"controls\"><source type=\"audio\/mpeg\" src=\"https:\/\/edsondavid.com.br\/tphu\/wp-content\/uploads\/2020\/08\/642-apelos1.mp3?_=3\" \/><a href=\"https:\/\/edsondavid.com.br\/tphu\/wp-content\/uploads\/2020\/08\/642-apelos1.mp3\">https:\/\/edsondavid.com.br\/tphu\/wp-content\/uploads\/2020\/08\/642-apelos1.mp3<\/a><\/audio>\n<hr \/>\n<p><strong>643<\/strong><\/p>\n<p>Em nome da Toda-Poderosa presen\u00e7a AYAM, eu pe\u00e7o e eu comando que a Chama Violeta seja minha companheira quotidiana, o cetro de meu poder e Presen\u00e7a gloriosa e que caminha diante de mim e me mostra o que eu devo fazer para realizar o Plano Divino. Eu aceito esta Chama Violeta Consumidora como um manto de prote\u00e7\u00e3o.<br \/>\nEu a aceito como uma armadura.<br \/>\nEu a aceito como uma espada que me precede e abre meu caminho para a Luz.<br \/>\nAYAM AYAM AYAM<br \/>\n<strong><em>NOTA:<\/em><\/strong> Visualizai a Chama Violeta nos seres e em torno deles, nas situa\u00e7\u00f5es e em torno delas, e seja o que for que penseis da Terra vede-a no espa\u00e7o como um Sol violeta e a humanidade j\u00e1 ascensionada e livre.<\/p>\n<audio class=\"wp-audio-shortcode\" id=\"audio-133-4\" preload=\"none\" style=\"width: 100%;\" controls=\"controls\"><source type=\"audio\/mpeg\" src=\"https:\/\/edsondavid.com.br\/tphu\/wp-content\/uploads\/2020\/08\/643-Apelos1.mp3?_=4\" \/><a href=\"https:\/\/edsondavid.com.br\/tphu\/wp-content\/uploads\/2020\/08\/643-Apelos1.mp3\">https:\/\/edsondavid.com.br\/tphu\/wp-content\/uploads\/2020\/08\/643-Apelos1.mp3<\/a><\/audio>\n<hr \/>\n<p><strong>38<\/strong><\/p>\n<p>Em nome do Deus invenc\u00edvel presente em meu cora\u00e7\u00e3o e do Cristo C\u00f3smico vitorioso e Todo-Poderoso, eu digo \u00e0 m\u00e3o de minha Presen\u00e7a: tira toda disc\u00f3rdia e todo pesar de minha alma e consome-os na Chama Violeta. Que ela os destrua para sempre. \u00d3! vitoriosa Presen\u00e7a, toma possess\u00e3o de mim, toma possess\u00e3o de teu templo e governa-me sempre.<br \/>\nAYAM AYAM AYAM<\/p>\n<hr \/>\n<p><strong>156<\/strong><\/p>\n<p><strong>Manto que torna invis\u00edvel<\/strong><br \/>\n\u00d3! Deus Todo-Poderoso, presente em meu cora\u00e7\u00e3o!<br \/>\n\u00d3! bem-amado Saint Germain, cerca-me com tua luz, que ela seja t\u00e3o forte que me torne invis\u00edvel a toda for\u00e7a mal\u00e9fica que tentar me atacar. Que ela aumente e se solidifique, que ela se torne um manto que me proteja e me envolva para sempre.<br \/>\nAYAM AYAM AYAM<br \/>\nEu te agrade\u00e7o, \u00f3! bem-amado Saint Germain, teu apelo \u00e9 atendido.<\/p>\n<audio class=\"wp-audio-shortcode\" id=\"audio-133-5\" preload=\"none\" style=\"width: 100%;\" controls=\"controls\"><source type=\"audio\/mpeg\" src=\"https:\/\/edsondavid.com.br\/tphu\/wp-content\/uploads\/2020\/06\/156-Apelos1.mp3?_=5\" \/><a href=\"https:\/\/edsondavid.com.br\/tphu\/wp-content\/uploads\/2020\/06\/156-Apelos1.mp3\">https:\/\/edsondavid.com.br\/tphu\/wp-content\/uploads\/2020\/06\/156-Apelos1.mp3<\/a><\/audio>\n<hr \/>\n<p><strong>699<\/strong><\/p>\n<p>Chama Violeta do Universo (3 vezes) sobre a humanidade desce, desce, desce.<br \/>\n(3 vezes a frase)<br \/>\nChama Violeta do Universo (3 vezes) sobre a Terra desce, desce, desce.<br \/>\n(3 vezes a frase)<br \/>\nChama Violeta do Universo (3 vezes) na Terra desce, desce, desce.<br \/>\n(3 vezes a frase)<\/p>\n<audio class=\"wp-audio-shortcode\" id=\"audio-133-6\" preload=\"none\" style=\"width: 100%;\" controls=\"controls\"><source type=\"audio\/mpeg\" src=\"https:\/\/edsondavid.com.br\/tphu\/wp-content\/uploads\/2020\/06\/699-Apelos-2-Chama-Violeta-do-Universo-sobre-a-Humanidade-Desce....mp3?_=6\" \/><a href=\"https:\/\/edsondavid.com.br\/tphu\/wp-content\/uploads\/2020\/06\/699-Apelos-2-Chama-Violeta-do-Universo-sobre-a-Humanidade-Desce....mp3\">https:\/\/edsondavid.com.br\/tphu\/wp-content\/uploads\/2020\/06\/699-Apelos-2-Chama-Violeta-do-Universo-sobre-a-Humanidade-Desce....mp3<\/a><\/audio>\n<hr \/>\n<p><strong>484<\/strong><\/p>\n<p>Chama Violeta (3 vezes) desce em mim.<br \/>\nChama Violeta (3 vezes) desce em meu cora\u00e7\u00e3o.<br \/>\nChama Violeta (3 vezes) desce em minha aura.<br \/>\nChama Violeta (3 vezes) desce, desce, desce.<br \/>\nChama Violeta (3 vezes) toma possess\u00e3o de mim.<br \/>\nChama Violeta (3 vezes) toma possess\u00e3o de minhas cercanias.<br \/>\nChama Violeta (3 vezes) toma possess\u00e3o de minha vida.<br \/>\nChama Violeta (3 vezes) toma possess\u00e3o (3 vezes).<br \/>\nChama Violeta (3 vezes) envolve-me.<br \/>\nChama Violeta (3 vezes) envolve esta casa.<br \/>\nChama Violeta (3 vezes) envolve esta cidade.<br \/>\nChama Violeta (3 vezes) envolve, envolve, envolve<br \/>\nChama Violeta (3 vezes) infiltra-te em meu c\u00e9rebro.<br \/>\nChama Violeta (3 vezes) infiltra-te em meus pensamentos.<br \/>\nChama Violeta (3 vezes) infiltra-te nos pensamentos dos humanos.<br \/>\nChama Violeta (3 vezes)<br \/>\nChama Violeta (3 vezes)<br \/>\nChama Violeta (3 vezes) toma possess\u00e3o da Terra.<br \/>\nAYAM AYAM AYAM<br \/>\nEu sou AYAM, a lei da Chama Violeta que toma possess\u00e3o da Terra.<br \/>\n293<\/p>\n<audio class=\"wp-audio-shortcode\" id=\"audio-133-7\" preload=\"none\" style=\"width: 100%;\" controls=\"controls\"><source type=\"audio\/mpeg\" src=\"https:\/\/edsondavid.com.br\/tphu\/wp-content\/uploads\/2020\/06\/484-Apelos-1.mp3?_=7\" \/><a href=\"https:\/\/edsondavid.com.br\/tphu\/wp-content\/uploads\/2020\/06\/484-Apelos-1.mp3\">https:\/\/edsondavid.com.br\/tphu\/wp-content\/uploads\/2020\/06\/484-Apelos-1.mp3<\/a><\/audio>\n<hr \/>\n<p><strong>9<\/strong><\/p>\n<p>Pelo poder da Presen\u00e7a do Cristo em meu cora\u00e7\u00e3o, eu pe\u00e7o e comando: \u00d3! Deus Todo-Poderoso, presente em meu cora\u00e7\u00e3o! Instala a Presen\u00e7a vitoriosa da Chama Violeta e seu poder eterno em mim, em torno de mim e em torno daqueles que&#8221; vivem sobre o raio de nosso Mestre bem-amado Saint Germain, neste instante mesmo e por toda a eternidade.<br \/>\nAYAM AYAM AYAM<\/p>\n<hr \/>\n<p><strong>10<\/strong><\/p>\n<p>Eu sou a lei da vit\u00f3ria imortal da Chama Violeta estabelecida sobre a Terra por toda a eternidade.<br \/>\nAYAM AYAM AYAM<\/p>\n<audio class=\"wp-audio-shortcode\" id=\"audio-133-8\" preload=\"none\" style=\"width: 100%;\" controls=\"controls\"><source type=\"audio\/mpeg\" src=\"https:\/\/edsondavid.com.br\/tphu\/wp-content\/uploads\/2020\/06\/10-Apelos-1.mp3?_=8\" \/><a href=\"https:\/\/edsondavid.com.br\/tphu\/wp-content\/uploads\/2020\/06\/10-Apelos-1.mp3\">https:\/\/edsondavid.com.br\/tphu\/wp-content\/uploads\/2020\/06\/10-Apelos-1.mp3<\/a><\/audio>\n<hr \/>\n<p><strong>12 <\/strong><\/p>\n<p>\u00d3! Deus Todo-Poderoso, presente em meu cora\u00e7\u00e3o e nosso Mestre bem-amado Saint Germain! Inunda esta cidade com tua Chama Violeta, a fim de que ela consuma toda impureza para sempre.<br \/>\nAYAM AYAM AYAM<\/p>\n<audio class=\"wp-audio-shortcode\" id=\"audio-133-9\" preload=\"none\" style=\"width: 100%;\" controls=\"controls\"><source type=\"audio\/mpeg\" src=\"https:\/\/edsondavid.com.br\/tphu\/wp-content\/uploads\/2020\/06\/12-Apelos-1-Inunda-esta-cidade-com-a-Chama-Violeta.mp3?_=9\" \/><a href=\"https:\/\/edsondavid.com.br\/tphu\/wp-content\/uploads\/2020\/06\/12-Apelos-1-Inunda-esta-cidade-com-a-Chama-Violeta.mp3\">https:\/\/edsondavid.com.br\/tphu\/wp-content\/uploads\/2020\/06\/12-Apelos-1-Inunda-esta-cidade-com-a-Chama-Violeta.mp3<\/a><\/audio>\n<hr \/>\n<p>16<\/p>\n<p>Eu sou a lei da pureza imortal da Chama Violeta e eu pe\u00e7o que ela consuma, que ela consuma, que ela consuma cada vez mais toda disc\u00f3rdia, toda impureza, e que ela controle meu ser e minha vida. AYAM AYAM AYAM<\/p>\n<audio class=\"wp-audio-shortcode\" id=\"audio-133-10\" preload=\"none\" style=\"width: 100%;\" controls=\"controls\"><source type=\"audio\/mpeg\" src=\"https:\/\/edsondavid.com.br\/tphu\/wp-content\/uploads\/2020\/06\/16-Apelos1.mp3?_=10\" \/><a href=\"https:\/\/edsondavid.com.br\/tphu\/wp-content\/uploads\/2020\/06\/16-Apelos1.mp3\">https:\/\/edsondavid.com.br\/tphu\/wp-content\/uploads\/2020\/06\/16-Apelos1.mp3<\/a><\/audio>\n<hr \/>\n<p><strong>17<\/strong><\/p>\n<p>\u00d3! Deus Todo-Poderoso, presente em meu cora\u00e7\u00e3o! \u00d3! Cristo vitorioso presente no cora\u00e7\u00e3o dos humanos! Estabelecei a vitoriosa Presen\u00e7a c\u00f3smica da Chama Violeta em meu ser e que ela me purifique para sempre! AYAM AYAM AYAM<\/p>\n<audio class=\"wp-audio-shortcode\" id=\"audio-133-11\" preload=\"none\" style=\"width: 100%;\" controls=\"controls\"><source type=\"audio\/mpeg\" src=\"https:\/\/edsondavid.com.br\/tphu\/wp-content\/uploads\/2020\/06\/17-Apelos1.mp3?_=11\" \/><a href=\"https:\/\/edsondavid.com.br\/tphu\/wp-content\/uploads\/2020\/06\/17-Apelos1.mp3\">https:\/\/edsondavid.com.br\/tphu\/wp-content\/uploads\/2020\/06\/17-Apelos1.mp3<\/a><\/audio>\n<hr \/>\n<p><strong>18<\/strong><\/p>\n<p>Eu sou a lei da liberta\u00e7\u00e3o vitoriosa de toda a vida sobre a Terra. AYAM AYAM AYAM<\/p>\n<audio class=\"wp-audio-shortcode\" id=\"audio-133-12\" preload=\"none\" style=\"width: 100%;\" controls=\"controls\"><source type=\"audio\/mpeg\" src=\"https:\/\/edsondavid.com.br\/tphu\/wp-content\/uploads\/2020\/06\/18-Apelos1.mp3?_=12\" \/><a href=\"https:\/\/edsondavid.com.br\/tphu\/wp-content\/uploads\/2020\/06\/18-Apelos1.mp3\">https:\/\/edsondavid.com.br\/tphu\/wp-content\/uploads\/2020\/06\/18-Apelos1.mp3<\/a><\/audio>\n<p>&nbsp;<\/p>\n","protected":false},"excerpt":{"rendered":"<p>Chama Violeta, Miseric\u00f3rdia Divina, sobre os fragmentos de alma sobre mim e sobre os fragmentos de almas de outras pessoas sobre mim; desce, desce, desce, desce. 396 Chama Violeta do Grande Sol Central (3 vezes) desce sobre a Terra e prende-a nos teus turbilh\u00f5es. Penetra em todos os cora\u00e7\u00f5es e purifica os humanos. AYAM AYAM &hellip;<\/p>\n<p class=\"read-more\"> <a class=\"\" href=\"https:\/\/edsondavid.com.br\/tphu\/chama-violeta\/\"> <span class=\"screen-reader-text\">Chama Violeta<\/span> Leia mais &raquo;<\/a><\/p>\n","protected":false},"author":1,"featured_media":174,"parent":0,"menu_order":0,"comment_status":"closed","ping_status":"closed","template":"","meta":{"_uag_custom_page_level_css":"","footnotes":""},"class_list":["post-133","page","type-page","status-publish","has-post-thumbnail","hentry"],"uagb_featured_image_src":{"full":["https:\/\/edsondavid.com.br\/tphu\/wp-content\/uploads\/2020\/05\/chama-dourada-rubi-purpura.jpg",1199,1920,false],"thumbnail":["https:\/\/edsondavid.com.br\/tphu\/wp-content\/uploads\/2020\/05\/chama-dourada-rubi-purpura-150x150.jpg",150,150,true],"medium":["https:\/\/edsondavid.com.br\/tphu\/wp-content\/uploads\/2020\/05\/chama-dourada-rubi-purpura-187x300.jpg",187,300,true],"medium_large":["https:\/\/edsondavid.com.br\/tphu\/wp-content\/uploads\/2020\/05\/chama-dourada-rubi-purpura-768x1230.jpg",768,1230,true],"large":["https:\/\/edsondavid.com.br\/tphu\/wp-content\/uploads\/2020\/05\/chama-dourada-rubi-purpura-639x1024.jpg",639,1024,true],"1536x1536":["https:\/\/edsondavid.com.br\/tphu\/wp-content\/uploads\/2020\/05\/chama-dourada-rubi-purpura-959x1536.jpg",959,1536,true],"2048x2048":["https:\/\/edsondavid.com.br\/tphu\/wp-content\/uploads\/2020\/05\/chama-dourada-rubi-purpura.jpg",1199,1920,false]},"uagb_author_info":{"display_name":"admin","author_link":"https:\/\/edsondavid.com.br\/tphu\/author\/admin\/"},"uagb_comment_info":0,"uagb_excerpt":"Chama Violeta, Miseric\u00f3rdia Divina, sobre os fragmentos de alma sobre mim e sobre os fragmentos de almas de outras pessoas sobre mim; desce, desce, desce, desce. 396 Chama Violeta do Grande Sol Central (3 vezes) desce sobre a Terra e prende-a nos teus turbilh\u00f5es. Penetra em todos os cora\u00e7\u00f5es e purifica os humanos. AYAM AYAM&hellip;","publishpress_future_action":{"enabled":false,"date":"2026-04-25 14:53:56","action":"change-status","newStatus":"draft","terms":[],"taxonomy":""},"publishpress_future_workflow_manual_trigger":{"enabledWorkflows":[]},"_links":{"self":[{"href":"https:\/\/edsondavid.com.br\/tphu\/wp-json\/wp\/v2\/pages\/133"}],"collection":[{"href":"https:\/\/edsondavid.com.br\/tphu\/wp-json\/wp\/v2\/pages"}],"about":[{"href":"https:\/\/edsondavid.com.br\/tphu\/wp-json\/wp\/v2\/types\/page"}],"author":[{"embeddable":true,"href":"https:\/\/edsondavid.com.br\/tphu\/wp-json\/wp\/v2\/users\/1"}],"replies":[{"embeddable":true,"href":"https:\/\/edsondavid.com.br\/tphu\/wp-json\/wp\/v2\/comments?post=133"}],"version-history":[{"count":14,"href":"https:\/\/edsondavid.com.br\/tphu\/wp-json\/wp\/v2\/pages\/133\/revisions"}],"predecessor-version":[{"id":312,"href":"https:\/\/edsondavid.com.br\/tphu\/wp-json\/wp\/v2\/pages\/133\/revisions\/312"}],"wp:featuredmedia":[{"embeddable":true,"href":"https:\/\/edsondavid.com.br\/tphu\/wp-json\/wp\/v2\/media\/174"}],"wp:attachment":[{"href":"https:\/\/edsondavid.com.br\/tphu\/wp-json\/wp\/v2\/media?parent=133"}],"curies":[{"name":"wp","href":"https:\/\/api.w.org\/{rel}","templated":true}]}}