{"id":139,"date":"2020-05-30T20:34:35","date_gmt":"2020-05-30T20:34:35","guid":{"rendered":"https:\/\/edsondavid.com.br\/tphu\/?page_id=139"},"modified":"2020-07-15T23:55:07","modified_gmt":"2020-07-15T23:55:07","slug":"chama-rosa","status":"publish","type":"page","link":"https:\/\/edsondavid.com.br\/tphu\/chama-rosa\/","title":{"rendered":"Chama Rosa"},"content":{"rendered":"<p class=\"font_7\">APELO \u00c0\u00a0CHAMA ROSA<br \/>\nChama\u00a0Rosa do Grande Sol Central\u00a0(3 vezes)<br \/>\ndesce sobre a Terra e envolve-a nos teus turbilh\u00f5es. Circula em torno e encerra-a em teu poder.<br \/>\nEntra em cada cora\u00e7\u00e3o, entra em cada humano, entra em cada ser, entra em todas as casas, implanta-te em todos os lares, em todos os pa\u00edses e nos governos.<\/p>\n<p class=\"font_7\">l AM &#8211; l AM &#8211; l AM<\/p>\n<!--[if lt IE 9]><script>document.createElement('audio');<\/script><![endif]-->\n<audio class=\"wp-audio-shortcode\" id=\"audio-139-1\" preload=\"none\" style=\"width: 100%;\" controls=\"controls\"><source type=\"audio\/mpeg\" src=\"https:\/\/edsondavid.com.br\/tphu\/wp-content\/uploads\/2020\/06\/Apelo-a-Chama-Rosa.mp3?_=1\" \/><a href=\"https:\/\/edsondavid.com.br\/tphu\/wp-content\/uploads\/2020\/06\/Apelo-a-Chama-Rosa.mp3\">https:\/\/edsondavid.com.br\/tphu\/wp-content\/uploads\/2020\/06\/Apelo-a-Chama-Rosa.mp3<\/a><\/audio>\n<hr \/>\n<p><strong>44<\/strong><\/p>\n<p>AYAM AYAM AYAM<\/p>\n<p><strong>CHAMA ROSA\u00a0<\/strong><\/p>\n<p>\u00d3! Deus, presente em meu cora\u00e7\u00e3o, nosso Mestre bem-amado Saint Germain e Marte, nosso irm\u00e3o, projeta tua for\u00e7a, projeta teu poder, projeta teu disco de luz rosa sobre a fronte dos humanos, a fim de que esta Chama lhes d\u00ea a for\u00e7a e a pot\u00eancia de resistir \u00e0s influ\u00eancias que tentam desvi\u00e1-los da Fraternidade Branca e de seu dever.<\/p>\n<p>Que esta Chama Rosa os transpasse e os vivifique, os ilumine e os torne fortes e resistentes. Que ela intensifique a for\u00e7a eletr\u00f4nica de seu tubo de luz e que ela duplique, com sua pot\u00eancia, o muro de Chama Azul de Sanat-Kumara. Que esta Chama rosa os envolva e os fa\u00e7a parecer como uma tocha brilhante.<br \/>\n\u00d3! nosso irm\u00e3o Marte, d\u00e1-nos, d\u00e1-nos teu poder!<br \/>\nAYAM AYAM AYAM<\/p>\n<p>N\u00f3s vos agradecemos, Marte, nosso irm\u00e3o e bem-amado Saint Germain.<\/p>\n<audio class=\"wp-audio-shortcode\" id=\"audio-139-2\" preload=\"none\" style=\"width: 100%;\" controls=\"controls\"><source type=\"audio\/mpeg\" src=\"https:\/\/edsondavid.com.br\/tphu\/wp-content\/uploads\/2020\/06\/44-Apelos-1.mp3?_=2\" \/><a href=\"https:\/\/edsondavid.com.br\/tphu\/wp-content\/uploads\/2020\/06\/44-Apelos-1.mp3\">https:\/\/edsondavid.com.br\/tphu\/wp-content\/uploads\/2020\/06\/44-Apelos-1.mp3<\/a><\/audio>\n<hr \/>\n<p><strong>47<\/strong><\/p>\n<p>AYAM AYAM AYAM<\/p>\n<p>AYAM, eu sou a lei da prote\u00e7\u00e3o invenc\u00edvel da Chama Rosa de Marte, nosso irm\u00e3o, e eu pe\u00e7o e comando que ela envolva cada humano com um muro resplandecente.<\/p>\n<p>AYAM AYAM AYAM<\/p>\n<p>N\u00f3s vos agradecemos, Marte, nosso irm\u00e3o e bem-amado Saint Germain.<\/p>\n<audio class=\"wp-audio-shortcode\" id=\"audio-139-3\" preload=\"none\" style=\"width: 100%;\" controls=\"controls\"><source type=\"audio\/mpeg\" src=\"https:\/\/edsondavid.com.br\/tphu\/wp-content\/uploads\/2020\/06\/47-Apelos-1.mp3?_=3\" \/><a href=\"https:\/\/edsondavid.com.br\/tphu\/wp-content\/uploads\/2020\/06\/47-Apelos-1.mp3\">https:\/\/edsondavid.com.br\/tphu\/wp-content\/uploads\/2020\/06\/47-Apelos-1.mp3<\/a><\/audio>\n<hr \/>\n<p><strong>48<\/strong><\/p>\n<p>AYAM AYAM AYAM<\/p>\n<p>AYAM, eu sou a lei do poder implac\u00e1vel do disco de Chama Rosa que nosso irm\u00e3o Marte dirige sobre a fronte dos humanos.<\/p>\n<p>AYAM AYAM AYAM<\/p>\n<p>N\u00f3s vos agradecemos, Marte, nosso irm\u00e3o e bem-amado Saint Germain.<\/p>\n<audio class=\"wp-audio-shortcode\" id=\"audio-139-4\" preload=\"none\" style=\"width: 100%;\" controls=\"controls\"><source type=\"audio\/mpeg\" src=\"https:\/\/edsondavid.com.br\/tphu\/wp-content\/uploads\/2020\/06\/48-Apelos-1.mp3?_=4\" \/><a href=\"https:\/\/edsondavid.com.br\/tphu\/wp-content\/uploads\/2020\/06\/48-Apelos-1.mp3\">https:\/\/edsondavid.com.br\/tphu\/wp-content\/uploads\/2020\/06\/48-Apelos-1.mp3<\/a><\/audio>\n<hr \/>\n<p><strong>49<\/strong><\/p>\n<p>AYAM, eu sou a lei da prote\u00e7\u00e3o Divina das asas de Chama Rosa que nosso irm\u00e3o Marte sela em torno dos humanos.<\/p>\n<p>AYAM AYAM AYAM<\/p>\n<audio class=\"wp-audio-shortcode\" id=\"audio-139-5\" preload=\"none\" style=\"width: 100%;\" controls=\"controls\"><source type=\"audio\/mpeg\" src=\"https:\/\/edsondavid.com.br\/tphu\/wp-content\/uploads\/2020\/06\/49-Apelos-1.mp3?_=5\" \/><a href=\"https:\/\/edsondavid.com.br\/tphu\/wp-content\/uploads\/2020\/06\/49-Apelos-1.mp3\">https:\/\/edsondavid.com.br\/tphu\/wp-content\/uploads\/2020\/06\/49-Apelos-1.mp3<\/a><\/audio>\n<p>N\u00f3s vos agradecemos, Marte, nosso irm\u00e3o e bem-amado Saint Germain.<\/p>\n<hr \/>\n<p><strong>51<\/strong><\/p>\n<p>AYAM, eu sou a lei da liberta\u00e7\u00e3o do peso pelas vibra\u00e7\u00f5es r\u00e1pidas da Chama Rosa de Marte, nosso irm\u00e3o, e pela Chama Violeta de nosso Mestre bem-amado Saint Germain.<br \/>\nAYAM AYAM AYAM<\/p>\n<p>N\u00f3s vos agradecemos, Marte, nosso irm\u00e3o e bem-amado Saint Germain.<\/p>\n<audio class=\"wp-audio-shortcode\" id=\"audio-139-6\" preload=\"none\" style=\"width: 100%;\" controls=\"controls\"><source type=\"audio\/mpeg\" src=\"https:\/\/edsondavid.com.br\/tphu\/wp-content\/uploads\/2020\/06\/51-Apelos-1.mp3?_=6\" \/><a href=\"https:\/\/edsondavid.com.br\/tphu\/wp-content\/uploads\/2020\/06\/51-Apelos-1.mp3\">https:\/\/edsondavid.com.br\/tphu\/wp-content\/uploads\/2020\/06\/51-Apelos-1.mp3<\/a><\/audio>\n<hr \/>\n<p><strong>53<\/strong><\/p>\n<p>\u00d3! Deus presente em meu cora\u00e7\u00e3o, \u00f3! Marte, nosso irm\u00e3o e bem-amado Saint Germain, faz de mim uma tocha de Chama Rosa que brilhe alto no c\u00e9u e que vibre t\u00e3o rapidamente que meus p\u00e9s deixem a terra. Ajuda-me a me transportar sobre a \u00e1gua e pelo ar, gra\u00e7as \u00e0s asas de luz rosa. Protege-me com teu tubo rosa e instala teu raio rosa sobre minha fronte. Que teu poder e tua pot\u00eancia des\u00e7am sobre mim por esse raio.<br \/>\nAYAM AYAM AYAM<\/p>\n<p>N\u00f3s vos agradecemos, Marte, nosso irm\u00e3o e bem-amado Saint Germain.<\/p>\n<audio class=\"wp-audio-shortcode\" id=\"audio-139-7\" preload=\"none\" style=\"width: 100%;\" controls=\"controls\"><source type=\"audio\/mpeg\" src=\"https:\/\/edsondavid.com.br\/tphu\/wp-content\/uploads\/2020\/06\/53-Apelos-1.mp3?_=7\" \/><a href=\"https:\/\/edsondavid.com.br\/tphu\/wp-content\/uploads\/2020\/06\/53-Apelos-1.mp3\">https:\/\/edsondavid.com.br\/tphu\/wp-content\/uploads\/2020\/06\/53-Apelos-1.mp3<\/a><\/audio>\n<hr \/>\n<p><strong>54<\/strong><\/p>\n<p>AYAM, eu sou a tocha de Chama Rosa que resplandece na noite e que ilumina o c\u00e9rebro dos humanos.<\/p>\n<p>AYAM AYAM AYAM<\/p>\n<p>N\u00f3s vos agradecemos, Marte, nosso irm\u00e3o e bem-amado Saint Germain.<\/p>\n<audio class=\"wp-audio-shortcode\" id=\"audio-139-8\" preload=\"none\" style=\"width: 100%;\" controls=\"controls\"><source type=\"audio\/mpeg\" src=\"https:\/\/edsondavid.com.br\/tphu\/wp-content\/uploads\/2020\/06\/54-Apelos-1.mp3?_=8\" \/><a href=\"https:\/\/edsondavid.com.br\/tphu\/wp-content\/uploads\/2020\/06\/54-Apelos-1.mp3\">https:\/\/edsondavid.com.br\/tphu\/wp-content\/uploads\/2020\/06\/54-Apelos-1.mp3<\/a><\/audio>\n","protected":false},"excerpt":{"rendered":"<p>APELO \u00c0\u00a0CHAMA ROSA Chama\u00a0Rosa do Grande Sol Central\u00a0(3 vezes) desce sobre a Terra e envolve-a nos teus turbilh\u00f5es. Circula em torno e encerra-a em teu poder. Entra em cada cora\u00e7\u00e3o, entra em cada humano, entra em cada ser, entra em todas as casas, implanta-te em todos os lares, em todos os pa\u00edses e nos governos. &hellip;<\/p>\n<p class=\"read-more\"> <a class=\"\" href=\"https:\/\/edsondavid.com.br\/tphu\/chama-rosa\/\"> <span class=\"screen-reader-text\">Chama Rosa<\/span> Leia mais &raquo;<\/a><\/p>\n","protected":false},"author":1,"featured_media":176,"parent":0,"menu_order":0,"comment_status":"closed","ping_status":"closed","template":"","meta":{"_uag_custom_page_level_css":"","footnotes":""},"class_list":["post-139","page","type-page","status-publish","has-post-thumbnail","hentry"],"uagb_featured_image_src":{"full":["https:\/\/edsondavid.com.br\/tphu\/wp-content\/uploads\/2020\/05\/chama-rosa.jpg",438,700,false],"thumbnail":["https:\/\/edsondavid.com.br\/tphu\/wp-content\/uploads\/2020\/05\/chama-rosa-150x150.jpg",150,150,true],"medium":["https:\/\/edsondavid.com.br\/tphu\/wp-content\/uploads\/2020\/05\/chama-rosa-188x300.jpg",188,300,true],"medium_large":["https:\/\/edsondavid.com.br\/tphu\/wp-content\/uploads\/2020\/05\/chama-rosa.jpg",438,700,false],"large":["https:\/\/edsondavid.com.br\/tphu\/wp-content\/uploads\/2020\/05\/chama-rosa.jpg",438,700,false],"1536x1536":["https:\/\/edsondavid.com.br\/tphu\/wp-content\/uploads\/2020\/05\/chama-rosa.jpg",438,700,false],"2048x2048":["https:\/\/edsondavid.com.br\/tphu\/wp-content\/uploads\/2020\/05\/chama-rosa.jpg",438,700,false]},"uagb_author_info":{"display_name":"admin","author_link":"https:\/\/edsondavid.com.br\/tphu\/author\/admin\/"},"uagb_comment_info":0,"uagb_excerpt":"APELO \u00c0\u00a0CHAMA ROSA Chama\u00a0Rosa do Grande Sol Central\u00a0(3 vezes) desce sobre a Terra e envolve-a nos teus turbilh\u00f5es. Circula em torno e encerra-a em teu poder. Entra em cada cora\u00e7\u00e3o, entra em cada humano, entra em cada ser, entra em todas as casas, implanta-te em todos os lares, em todos os pa\u00edses e nos governos.&hellip;","publishpress_future_action":{"enabled":false,"date":"2026-04-25 14:53:58","action":"change-status","newStatus":"draft","terms":[],"taxonomy":""},"publishpress_future_workflow_manual_trigger":{"enabledWorkflows":[]},"_links":{"self":[{"href":"https:\/\/edsondavid.com.br\/tphu\/wp-json\/wp\/v2\/pages\/139"}],"collection":[{"href":"https:\/\/edsondavid.com.br\/tphu\/wp-json\/wp\/v2\/pages"}],"about":[{"href":"https:\/\/edsondavid.com.br\/tphu\/wp-json\/wp\/v2\/types\/page"}],"author":[{"embeddable":true,"href":"https:\/\/edsondavid.com.br\/tphu\/wp-json\/wp\/v2\/users\/1"}],"replies":[{"embeddable":true,"href":"https:\/\/edsondavid.com.br\/tphu\/wp-json\/wp\/v2\/comments?post=139"}],"version-history":[{"count":8,"href":"https:\/\/edsondavid.com.br\/tphu\/wp-json\/wp\/v2\/pages\/139\/revisions"}],"predecessor-version":[{"id":302,"href":"https:\/\/edsondavid.com.br\/tphu\/wp-json\/wp\/v2\/pages\/139\/revisions\/302"}],"wp:featuredmedia":[{"embeddable":true,"href":"https:\/\/edsondavid.com.br\/tphu\/wp-json\/wp\/v2\/media\/176"}],"wp:attachment":[{"href":"https:\/\/edsondavid.com.br\/tphu\/wp-json\/wp\/v2\/media?parent=139"}],"curies":[{"name":"wp","href":"https:\/\/api.w.org\/{rel}","templated":true}]}}