{"id":146,"date":"2020-05-30T22:10:09","date_gmt":"2020-05-30T22:10:09","guid":{"rendered":"https:\/\/edsondavid.com.br\/tphu\/?page_id=146"},"modified":"2020-05-31T18:03:27","modified_gmt":"2020-05-31T18:03:27","slug":"chama-espontanea","status":"publish","type":"page","link":"https:\/\/edsondavid.com.br\/tphu\/chama-espontanea\/","title":{"rendered":"Chama Espont\u00e2nea"},"content":{"rendered":"<p>Chama Espont\u00e2nea dos milhares de S\u00f3is (3 vezes) em cada lar desce; desce, desce, desce.<br \/>\nAYAM AYAM AYAM<br \/>\nAYAM AYAM AYAM<br \/>\nDeus Todo-Poderoso, eu sou AYAM.<br \/>\nEu sou a Presen\u00e7a de Deus em a\u00e7\u00e3o.<br \/>\nEu pe\u00e7o que este apelo seja manifestado fisicamente.<br \/>\nEu ordeno que ele seja manifestado fisicamente.<br \/>\nEu sou o poder que o faz aparecer sobre o plano f\u00edsico.<\/p>\n<hr \/>\n<p>\u00d3! Deus Todo-Poderoso, presente em meu cora\u00e7\u00e3o,<br \/>\n\u00f3! Mestre Servir, dai-me todo o ardor necess\u00e1rio para servir, servir e servir.<\/p>\n<p>AYAM AYAM AYAM<\/p>\n<p>Ati\u00e7ai a Chama Espont\u00e2nea de meu cora\u00e7\u00e3o a fim de que ela tenha a for\u00e7a de ati\u00e7ar a Chama Espont\u00e2nea daqueles que me rodeiam.<\/p>\n<p>AYAM AYAM AYAM<\/p>\n<p>Soprai, soprai, \u00c9olo, Deus do Vento, sobre a Chama de meu cora\u00e7\u00e3o, que ela suba e que ela transborde de meu cora\u00e7\u00e3o.<\/p>\n<p>AYAM AYAM AYAM<\/p>\n<p>Carregai, carregai-me de coragem e de amor, porque \u00e9 preciso muito amor para servir.<\/p>\n<p>AYAM AYAM AYAM<\/p>\n<p>293<\/p>\n<hr \/>\n<p>\u00d3! Deus Todo-Poderoso, presente em meu cora\u00e7\u00e3o, \u00f3! Vit\u00f3ria, \u00f3! Saint Germain, e v\u00f3s, Mestres Ascensionados, plantai a Chama Espont\u00e2nea sobre os lugares consagrados, multiplicai esses lugares e estabelecei a\u00ed santu\u00e1rios.<\/p>\n<p>AYAM AYAM AYAM<\/p>\n<p>Eu sou AYAM, a lei da multiplica\u00e7\u00e3o dos santu\u00e1rios sobre a Terra.<br \/>\n\u00d3! Deus Todo-Poderoso, presente em meu cora\u00e7\u00e3o, \u00f3! Vit\u00f3ria, \u00f3! Saint Germain, e v\u00f3s, Mestres Ascensionados, n\u00f3s vos agradecemos o apelo a que atendestes.<\/p>\n<p>293<\/p>\n<hr \/>\n<p>Bem-amada Toda-Poderosa Presen\u00e7a AYAM, eu falo \u00e0 Chama Espont\u00e2nea que est\u00e1 no cora\u00e7\u00e3o da Toda-Poderosa Presen\u00e7a AYAM de cada ser deste mundo, eu falo aos Mestres Ascensionados, eu falo aos Grandes Seres C\u00f3smicos e \u00e0s coortes de Anjos: Fazei rebentar do cora\u00e7\u00e3o do Grande Sil\u00eancio a chama do perd\u00e3o e inundai a Terra com sua presen\u00e7a, perdoai o \u00f3dio que suja a Terra e suprimi-o do Universo para sempre.<\/p>\n<p>AYAM AYAM AYAM<\/p>\n<hr \/>\n<p>Eu sou AYAM, a Presen\u00e7a na Chama Espont\u00e2nea deste cora\u00e7\u00e3o que fala \u00e0 intelig\u00eancia de cada ponto de luz neste corpo. Eu vos comando, em nome da autoridade da vida, espalhar, espalhar e espalhar sempre a perfei\u00e7\u00e3o da Luz Divina que nunca falha e produzir instantaneamente a paz e a perfei\u00e7\u00e3o dos Mestres Ascensionados em cada \u00e1tomo de meu c\u00e9rebro, de meu corpo, de meu ser, de meu mundo, de minha atmosfera e de meus arredores.<br \/>\nQue isto seja eternamente sustentado pela Luz e o Poder dos milhares de S\u00f3is.<\/p>\n<p>AYAM AYAM AYAM<\/p>\n<hr \/>\n<p class=\"font_7\"><strong>APELO \u00c0 CHAMA ESPONT\u00c2NEA<\/strong><br \/>\nChama Espont\u00e2nea dos milhares de S\u00f3is\u00a0(3 vezes)<br \/>\ndesce em meu cora\u00e7\u00e3o,<br \/>\ndesce em minha alma,<br \/>\nem minha aura desce;<br \/>\ndesce, desce, desce.<br \/>\n(ou sobre&#8230;.. desce)<\/p>\n<p class=\"font_7\">I AM &#8211; l AM &#8211; l AM<br \/>\nI AM &#8211; l AM &#8211; l AM<\/p>\n<p class=\"font_7\">Deus Todo-Poderoso, Eu sou l AM.<br \/>\nN.B. &#8211; Faz-se lembrar que todos os apelos dessas Chamas podem ser utilizados para as outras. Basta mudar o nome da Chama e o destinat\u00e1rio.<br \/>\n\u00d3!\u00a0Chama\u00a0Espont\u00e2nea, tu est\u00e1s presente em meu cora\u00e7\u00e3o, tu est\u00e1s presente neste santo lugar. Eu te vejo brilhar em meu cora\u00e7\u00e3o, eu te vejo brilhar neste Templo.<br \/>\nEstabelece a sabedoria, o amor e o poder no cora\u00e7\u00e3o dos humanos. Que tua tr\u00edplice for\u00e7a guie os homens. Que teu amor inunde o mundo, que tua sabedoria selecione as aspira\u00e7\u00f5es de teus filhos e que teu poder sustenha e mantenha sua vontade de bem proceder. D\u00e1-lhes o equil\u00edbrio, a felicidade, a for\u00e7a. V\u00ea que seus bons prop\u00f3sitos sejam sustentados, e ouvidos seus apelos.<br \/>\nN\u00f3s te saudamos.\u00a0Chama\u00a0de nossos cora\u00e7\u00f5es, n\u00f3s te amamos, n\u00f3s te aben\u00e7oamos.<\/p>\n<hr \/>\n","protected":false},"excerpt":{"rendered":"<p>Chama Espont\u00e2nea dos milhares de S\u00f3is (3 vezes) em cada lar desce; desce, desce, desce. AYAM AYAM AYAM AYAM AYAM AYAM Deus Todo-Poderoso, eu sou AYAM. Eu sou a Presen\u00e7a de Deus em a\u00e7\u00e3o. Eu pe\u00e7o que este apelo seja manifestado fisicamente. Eu ordeno que ele seja manifestado fisicamente. Eu sou o poder que o &hellip;<\/p>\n<p class=\"read-more\"> <a class=\"\" href=\"https:\/\/edsondavid.com.br\/tphu\/chama-espontanea\/\"> <span class=\"screen-reader-text\">Chama Espont\u00e2nea<\/span> Leia mais &raquo;<\/a><\/p>\n","protected":false},"author":1,"featured_media":185,"parent":0,"menu_order":0,"comment_status":"closed","ping_status":"closed","template":"","meta":{"_uag_custom_page_level_css":"","footnotes":""},"class_list":["post-146","page","type-page","status-publish","has-post-thumbnail","hentry"],"uagb_featured_image_src":{"full":["https:\/\/edsondavid.com.br\/tphu\/wp-content\/uploads\/2020\/05\/Chama-espont\u00e2nea.png",274,371,false],"thumbnail":["https:\/\/edsondavid.com.br\/tphu\/wp-content\/uploads\/2020\/05\/Chama-espont\u00e2nea-150x150.png",150,150,true],"medium":["https:\/\/edsondavid.com.br\/tphu\/wp-content\/uploads\/2020\/05\/Chama-espont\u00e2nea-222x300.png",222,300,true],"medium_large":["https:\/\/edsondavid.com.br\/tphu\/wp-content\/uploads\/2020\/05\/Chama-espont\u00e2nea.png",274,371,false],"large":["https:\/\/edsondavid.com.br\/tphu\/wp-content\/uploads\/2020\/05\/Chama-espont\u00e2nea.png",274,371,false],"1536x1536":["https:\/\/edsondavid.com.br\/tphu\/wp-content\/uploads\/2020\/05\/Chama-espont\u00e2nea.png",274,371,false],"2048x2048":["https:\/\/edsondavid.com.br\/tphu\/wp-content\/uploads\/2020\/05\/Chama-espont\u00e2nea.png",274,371,false]},"uagb_author_info":{"display_name":"admin","author_link":"https:\/\/edsondavid.com.br\/tphu\/author\/admin\/"},"uagb_comment_info":0,"uagb_excerpt":"Chama Espont\u00e2nea dos milhares de S\u00f3is (3 vezes) em cada lar desce; desce, desce, desce. AYAM AYAM AYAM AYAM AYAM AYAM Deus Todo-Poderoso, eu sou AYAM. Eu sou a Presen\u00e7a de Deus em a\u00e7\u00e3o. Eu pe\u00e7o que este apelo seja manifestado fisicamente. Eu ordeno que ele seja manifestado fisicamente. Eu sou o poder que o&hellip;","publishpress_future_action":{"enabled":false,"date":"2026-04-25 14:53:11","action":"change-status","newStatus":"draft","terms":[],"taxonomy":""},"publishpress_future_workflow_manual_trigger":{"enabledWorkflows":[]},"_links":{"self":[{"href":"https:\/\/edsondavid.com.br\/tphu\/wp-json\/wp\/v2\/pages\/146"}],"collection":[{"href":"https:\/\/edsondavid.com.br\/tphu\/wp-json\/wp\/v2\/pages"}],"about":[{"href":"https:\/\/edsondavid.com.br\/tphu\/wp-json\/wp\/v2\/types\/page"}],"author":[{"embeddable":true,"href":"https:\/\/edsondavid.com.br\/tphu\/wp-json\/wp\/v2\/users\/1"}],"replies":[{"embeddable":true,"href":"https:\/\/edsondavid.com.br\/tphu\/wp-json\/wp\/v2\/comments?post=146"}],"version-history":[{"count":4,"href":"https:\/\/edsondavid.com.br\/tphu\/wp-json\/wp\/v2\/pages\/146\/revisions"}],"predecessor-version":[{"id":157,"href":"https:\/\/edsondavid.com.br\/tphu\/wp-json\/wp\/v2\/pages\/146\/revisions\/157"}],"wp:featuredmedia":[{"embeddable":true,"href":"https:\/\/edsondavid.com.br\/tphu\/wp-json\/wp\/v2\/media\/185"}],"wp:attachment":[{"href":"https:\/\/edsondavid.com.br\/tphu\/wp-json\/wp\/v2\/media?parent=146"}],"curies":[{"name":"wp","href":"https:\/\/api.w.org\/{rel}","templated":true}]}}