{"id":344,"date":"2022-01-25T18:45:51","date_gmt":"2022-01-25T18:45:51","guid":{"rendered":"https:\/\/edsondavid.com.br\/tphu\/?page_id=344"},"modified":"2022-01-25T18:51:12","modified_gmt":"2022-01-25T18:51:12","slug":"divina-presenca","status":"publish","type":"page","link":"https:\/\/edsondavid.com.br\/tphu\/divina-presenca\/","title":{"rendered":"Divina Presen\u00e7a"},"content":{"rendered":"<p style=\"text-align: center;\"><strong>APELOS A DIVINA PRESEN\u00c7A<\/strong><\/p>\n<p style=\"text-align: center;\"><strong>TUBO DE LUZ<\/strong><\/p>\n<p>Deus Todo Poderoso, presente em meu cora\u00e7\u00e3o! Projeta em torno de mim um tubo de for\u00e7a eletr\u00f4nica.<br \/>\nTorna-o t\u00e3o possante que nada de mal possa atravess\u00e1-lo. Faz que eu seja invis\u00edvel, invenc\u00edvel,<br \/>\ninvulner\u00e1vel a tudo que n\u00e3o \u00e9 teu amor, tua sabedoria e teu poder.<br \/>\nObrigado, \u00f3! Deus Todo-Poderoso, tu atendeste ao meu apelo!<br \/>\n<strong>NOTA:<\/strong> Vede um tubo branco de tor\u00e7a eletr\u00f4nica em vosso redor, a um metro e meio de dist\u00e2ncia.<\/p>\n<hr \/>\n<p style=\"text-align: center;\"><strong>TUBO DE CHAMA AZUL<\/strong><\/p>\n<p style=\"text-align: left;\">O! Deus Todo-Poderoso, presente em meu cora\u00e7\u00e3o! \u00d3! Sanat-Kumara, estabelece um poderoso muro de<br \/>\nChama Azul em torno do meu tubo de for\u00e7a eletr\u00f4nica; que ele seja uma prote\u00e7\u00e3o a mais contra as for\u00e7as<br \/>\nsinistras, as cria\u00e7\u00f5es humanas e tudo que n\u00e3o \u00e9 a Luz. Mant\u00e9m-no eternamente em torno de toda pessoa,<br \/>\ncoisa ou situa\u00e7\u00e3o, at\u00e9 que a humanidade inteira tenha achado a liberdade na ascens\u00e3o.<br \/>\nEu te agrade\u00e7o.<\/p>\n<p style=\"text-align: center;\">IAM\u2014IAM\u2014IAM<br \/>\nIAM\u2014IAM\u2014IAM<\/p>\n<p style=\"text-align: left;\">Deus Todo-Poderoso, Eu sou I AM.<br \/>\n<strong>NOTA:<\/strong> Em torno de vosso tubo de for\u00e7a eletr\u00f4nica vem pousar um espesso muro de chamas azuis, que<br \/>\nrefor\u00e7am seu poder.<\/p>\n<hr \/>\n<p style=\"text-align: center;\"><strong>TUBO DE CHAMA ROSA<\/strong><\/p>\n<p>\u00d3 Deus Todo-Poderoso, presente em meu cora\u00e7\u00e3o!<br \/>\n\u00d3! Marte, nosso irm\u00e3o! \u00d3 bem-amado Saint Germain!<br \/>\nConjugai vossos poderes para me proteger, dispor em torno de mim um muro invenc\u00edvel de Chama Rosa,<br \/>\npara dobrar o poder do tubo de Luz e do muro de Chama Azul. Fazei subir estas chamas cintilantes at\u00e9 a<br \/>\noitava dos Mestres e dos Grandes Seres. Que elas brilhem, que elas resplande\u00e7am e que elas destruam as<br \/>\ninflu\u00eancias mal\u00e9ficas que tentarem me atacar.<\/p>\n<p style=\"text-align: center;\">I AM \u2014 I AM \u2014 I AM<\/p>\n<p>Eu vos agrade\u00e7o, Marte meu irm\u00e3o e bem-amado Saint Germain!<br \/>\n<strong>NOTA:<\/strong> Um tubo de Chama Rosa pousa em torno do muro de Chama Azul e sobe alto, at\u00e9 a oitava dos<br \/>\nMestres.<\/p>\n<hr \/>\n<p style=\"text-align: center;\">APELO A CHAMA VIOLETA<\/p>\n<p style=\"text-align: left;\">\n\u00d3 Deus Todo-Poderoso, presente em meu cora\u00e7\u00e3o.<br \/>\nEstabelece um pilar de Chama Violeta em meu tubo de for\u00e7a eletr\u00f4nica. Faz subir a Chama Violeta dos<br \/>\np\u00e9s \u00e0 cabe\u00e7a e mais alto ainda, e que ela consuma todos os maus pensamentos que eu gerei durante<br \/>\nminhas vidas precedentes e a vida presente, ou que s\u00e3o projetados contra mim. Eu te agrade\u00e7o. \u00d3! Deus<br \/>\nTodo-Poderoso, presente em meu cora\u00e7\u00e3o!<\/p>\n<p style=\"text-align: center;\">\nI AM \u2014 I AM \u2014 I AM<br \/>\nI AM \u2014 I AM \u2014 I AM<\/p>\n<p style=\"text-align: left;\">Deus Todo-Poderoso, Eu sou I AM<br \/>\n<strong>NOTA:<\/strong> A Chama Violeta vos envolve &#8230; ela penetra em v\u00f3s &#8230; ela passa por vossos m\u00fasculos, ossos, veias,<br \/>\nnervos &#8230; ela consome tudo o que \u00e9 impuro em v\u00f3s e em torno de v\u00f3s.<\/p>\n","protected":false},"excerpt":{"rendered":"<p>APELOS A DIVINA PRESEN\u00c7A TUBO DE LUZ Deus Todo Poderoso, presente em meu cora\u00e7\u00e3o! Projeta em torno de mim um tubo de for\u00e7a eletr\u00f4nica. Torna-o t\u00e3o possante que nada de mal possa atravess\u00e1-lo. Faz que eu seja invis\u00edvel, invenc\u00edvel, invulner\u00e1vel a tudo que n\u00e3o \u00e9 teu amor, tua sabedoria e teu poder. Obrigado, \u00f3! Deus &hellip;<\/p>\n<p class=\"read-more\"> <a class=\"\" href=\"https:\/\/edsondavid.com.br\/tphu\/divina-presenca\/\"> <span class=\"screen-reader-text\">Divina Presen\u00e7a<\/span> Leia mais &raquo;<\/a><\/p>\n","protected":false},"author":1,"featured_media":0,"parent":0,"menu_order":0,"comment_status":"closed","ping_status":"closed","template":"","meta":{"_uag_custom_page_level_css":"","footnotes":""},"class_list":["post-344","page","type-page","status-publish","hentry"],"uagb_featured_image_src":{"full":false,"thumbnail":false,"medium":false,"medium_large":false,"large":false,"1536x1536":false,"2048x2048":false},"uagb_author_info":{"display_name":"admin","author_link":"https:\/\/edsondavid.com.br\/tphu\/author\/admin\/"},"uagb_comment_info":0,"uagb_excerpt":"APELOS A DIVINA PRESEN\u00c7A TUBO DE LUZ Deus Todo Poderoso, presente em meu cora\u00e7\u00e3o! Projeta em torno de mim um tubo de for\u00e7a eletr\u00f4nica. Torna-o t\u00e3o possante que nada de mal possa atravess\u00e1-lo. Faz que eu seja invis\u00edvel, invenc\u00edvel, invulner\u00e1vel a tudo que n\u00e3o \u00e9 teu amor, tua sabedoria e teu poder. Obrigado, \u00f3! Deus&hellip;","publishpress_future_action":{"enabled":false,"date":"2026-04-25 14:53:09","action":"change-status","newStatus":"draft","terms":[],"taxonomy":""},"publishpress_future_workflow_manual_trigger":{"enabledWorkflows":[]},"_links":{"self":[{"href":"https:\/\/edsondavid.com.br\/tphu\/wp-json\/wp\/v2\/pages\/344"}],"collection":[{"href":"https:\/\/edsondavid.com.br\/tphu\/wp-json\/wp\/v2\/pages"}],"about":[{"href":"https:\/\/edsondavid.com.br\/tphu\/wp-json\/wp\/v2\/types\/page"}],"author":[{"embeddable":true,"href":"https:\/\/edsondavid.com.br\/tphu\/wp-json\/wp\/v2\/users\/1"}],"replies":[{"embeddable":true,"href":"https:\/\/edsondavid.com.br\/tphu\/wp-json\/wp\/v2\/comments?post=344"}],"version-history":[{"count":3,"href":"https:\/\/edsondavid.com.br\/tphu\/wp-json\/wp\/v2\/pages\/344\/revisions"}],"predecessor-version":[{"id":347,"href":"https:\/\/edsondavid.com.br\/tphu\/wp-json\/wp\/v2\/pages\/344\/revisions\/347"}],"wp:attachment":[{"href":"https:\/\/edsondavid.com.br\/tphu\/wp-json\/wp\/v2\/media?parent=344"}],"curies":[{"name":"wp","href":"https:\/\/api.w.org\/{rel}","templated":true}]}}