{"id":498,"date":"2024-08-15T13:45:32","date_gmt":"2024-08-15T13:45:32","guid":{"rendered":"https:\/\/edsondavid.com.br\/tphu\/?page_id=498"},"modified":"2026-01-20T11:53:02","modified_gmt":"2026-01-20T11:53:02","slug":"arca-luz-limpezas-parte-2","status":"publish","type":"page","link":"https:\/\/edsondavid.com.br\/tphu\/arca-luz-limpezas-parte-2\/","title":{"rendered":"Arca Luz Limpezas &#8211; Parte 2"},"content":{"rendered":"<p><img loading=\"lazy\" decoding=\"async\" class=\"alignnone size-medium wp-image-361\" src=\"https:\/\/edsondavid.com.br\/tphu\/wp-content\/uploads\/2022\/07\/arcaLuz-169x300.jpg\" alt=\"Arca Luz Nulificadora\" width=\"169\" height=\"300\" srcset=\"https:\/\/edsondavid.com.br\/tphu\/wp-content\/uploads\/2022\/07\/arcaLuz-169x300.jpg 169w, https:\/\/edsondavid.com.br\/tphu\/wp-content\/uploads\/2022\/07\/arcaLuz-576x1024.jpg 576w, https:\/\/edsondavid.com.br\/tphu\/wp-content\/uploads\/2022\/07\/arcaLuz-768x1366.jpg 768w, https:\/\/edsondavid.com.br\/tphu\/wp-content\/uploads\/2022\/07\/arcaLuz-864x1536.jpg 864w, https:\/\/edsondavid.com.br\/tphu\/wp-content\/uploads\/2022\/07\/arcaLuz.jpg 899w\" sizes=\"(max-width: 169px) 100vw, 169px\" \/><\/p>\n<!--[if lt IE 9]><script>document.createElement('audio');<\/script><![endif]-->\n<audio class=\"wp-audio-shortcode\" id=\"audio-498-1\" preload=\"none\" style=\"width: 100%;\" controls=\"controls\"><source type=\"audio\/ogg\" src=\"https:\/\/edsondavid.com.br\/tphu\/wp-content\/uploads\/2024\/08\/Aula-14-08-2024-Apostila-0102-03-Energizacao-Luz.ogg?_=1\" \/><a href=\"https:\/\/edsondavid.com.br\/tphu\/wp-content\/uploads\/2024\/08\/Aula-14-08-2024-Apostila-0102-03-Energizacao-Luz.ogg\">https:\/\/edsondavid.com.br\/tphu\/wp-content\/uploads\/2024\/08\/Aula-14-08-2024-Apostila-0102-03-Energizacao-Luz.ogg<\/a><\/audio>\n<p><strong>Neto Benedito &#8211; Aula 14-08-2024 &#8211; Apostila 01,02, 03 &#8211; Energiza\u00e7\u00e3o Luz<\/strong><\/p>\n<audio class=\"wp-audio-shortcode\" id=\"audio-498-2\" preload=\"none\" style=\"width: 100%;\" controls=\"controls\"><source type=\"audio\/mpeg\" src=\"https:\/\/edsondavid.com.br\/tphu\/wp-content\/uploads\/2024\/09\/Neto-Benedito-Energias-09-09-2024.mp3?_=2\" \/><a href=\"https:\/\/edsondavid.com.br\/tphu\/wp-content\/uploads\/2024\/09\/Neto-Benedito-Energias-09-09-2024.mp3\">https:\/\/edsondavid.com.br\/tphu\/wp-content\/uploads\/2024\/09\/Neto-Benedito-Energias-09-09-2024.mp3<\/a><\/audio>\n<p><strong>Neto Benedito &#8211; Energias Portal 09-09-2024<\/strong><\/p>\n<audio class=\"wp-audio-shortcode\" id=\"audio-498-3\" preload=\"none\" style=\"width: 100%;\" controls=\"controls\"><source type=\"audio\/mpeg\" src=\"https:\/\/edsondavid.com.br\/tphu\/wp-content\/uploads\/2024\/10\/Aula-sobre-o-MANTO-DA-CHAMA-VIOLETA-utilizacao.-Dia-20-10-2024-1.mp3?_=3\" \/><a href=\"https:\/\/edsondavid.com.br\/tphu\/wp-content\/uploads\/2024\/10\/Aula-sobre-o-MANTO-DA-CHAMA-VIOLETA-utilizacao.-Dia-20-10-2024-1.mp3\">https:\/\/edsondavid.com.br\/tphu\/wp-content\/uploads\/2024\/10\/Aula-sobre-o-MANTO-DA-CHAMA-VIOLETA-utilizacao.-Dia-20-10-2024-1.mp3<\/a><\/audio>\n<p><strong>Neto Benedito &#8211; Aula sobre o MANTO DA CHAMA VIOLETA utiliza\u00e7\u00e3o&#8230; Dia 20-10-2024 &#8211; 1<\/strong><\/p>\n<audio class=\"wp-audio-shortcode\" id=\"audio-498-4\" preload=\"none\" style=\"width: 100%;\" controls=\"controls\"><source type=\"audio\/mpeg\" src=\"https:\/\/edsondavid.com.br\/tphu\/wp-content\/uploads\/2024\/10\/Aula-sobre-o-MANTO-DA-CHAMA-VIOLETA-utilizacao.-Dia-20-10-2024-2.mp3?_=4\" \/><a href=\"https:\/\/edsondavid.com.br\/tphu\/wp-content\/uploads\/2024\/10\/Aula-sobre-o-MANTO-DA-CHAMA-VIOLETA-utilizacao.-Dia-20-10-2024-2.mp3\">https:\/\/edsondavid.com.br\/tphu\/wp-content\/uploads\/2024\/10\/Aula-sobre-o-MANTO-DA-CHAMA-VIOLETA-utilizacao.-Dia-20-10-2024-2.mp3<\/a><\/audio>\n<p><strong>Neto Benedito &#8211; Aula sobre o MANTO DA CHAMA VIOLETA utiliza\u00e7\u00e3o&#8230; Dia 20-10-2024 &#8211; 2<\/strong><\/p>\n<audio class=\"wp-audio-shortcode\" id=\"audio-498-5\" preload=\"none\" style=\"width: 100%;\" controls=\"controls\"><source type=\"audio\/mpeg\" src=\"https:\/\/edsondavid.com.br\/tphu\/wp-content\/uploads\/2025\/01\/Uma-parte-das-Sete-Semanas-Sagradas-\u2013-12-12-2024-no-Portal-Karmico-de-LUZ-Projeto-Luz-Cultura-da-Luzzzzz.mp3?_=5\" \/><a href=\"https:\/\/edsondavid.com.br\/tphu\/wp-content\/uploads\/2025\/01\/Uma-parte-das-Sete-Semanas-Sagradas-\u2013-12-12-2024-no-Portal-Karmico-de-LUZ-Projeto-Luz-Cultura-da-Luzzzzz.mp3\">https:\/\/edsondavid.com.br\/tphu\/wp-content\/uploads\/2025\/01\/Uma-parte-das-Sete-Semanas-Sagradas-\u2013-12-12-2024-no-Portal-Karmico-de-LUZ-Projeto-Luz-Cultura-da-Luzzzzz.mp3<\/a><\/audio>\n<p><strong>Uma parte das Sete Semanas Sagradas \u2013 12-12-2024 no Portal K\u00e1rmico de LUZ &#8211; Projeto Luz Cultura da Luzzzzz<\/strong><\/p>\n<audio class=\"wp-audio-shortcode\" id=\"audio-498-6\" preload=\"none\" style=\"width: 100%;\" controls=\"controls\"><source type=\"audio\/mpeg\" src=\"https:\/\/edsondavid.com.br\/tphu\/wp-content\/uploads\/2025\/01\/Chama-Violeta-com-o-Culto-Luz-aos-Nossos-Antepassados-e-Nossos-Ancestrais-Dia-16-12-2024.mp3?_=6\" \/><a href=\"https:\/\/edsondavid.com.br\/tphu\/wp-content\/uploads\/2025\/01\/Chama-Violeta-com-o-Culto-Luz-aos-Nossos-Antepassados-e-Nossos-Ancestrais-Dia-16-12-2024.mp3\">https:\/\/edsondavid.com.br\/tphu\/wp-content\/uploads\/2025\/01\/Chama-Violeta-com-o-Culto-Luz-aos-Nossos-Antepassados-e-Nossos-Ancestrais-Dia-16-12-2024.mp3<\/a><\/audio>\n<p><strong>Chama Violeta com o Culto Luz aos Nossos Antepassados e Nossos Ancestrais &#8211; Dia 16-12-2024<\/strong><\/p>\n<audio class=\"wp-audio-shortcode\" id=\"audio-498-7\" preload=\"none\" style=\"width: 100%;\" controls=\"controls\"><source type=\"audio\/mpeg\" src=\"https:\/\/edsondavid.com.br\/tphu\/wp-content\/uploads\/2025\/01\/O-Manto-de-Exu-e-o-Manto-da-Chama-Violeta-16-12-2024.mp3?_=7\" \/><a href=\"https:\/\/edsondavid.com.br\/tphu\/wp-content\/uploads\/2025\/01\/O-Manto-de-Exu-e-o-Manto-da-Chama-Violeta-16-12-2024.mp3\">https:\/\/edsondavid.com.br\/tphu\/wp-content\/uploads\/2025\/01\/O-Manto-de-Exu-e-o-Manto-da-Chama-Violeta-16-12-2024.mp3<\/a><\/audio>\n<p><strong>O Manto de Ex\u00fa e o Manto da Chama Violeta &#8211; 16-12-2024<\/strong><\/p>\n<audio class=\"wp-audio-shortcode\" id=\"audio-498-8\" preload=\"none\" style=\"width: 100%;\" controls=\"controls\"><source type=\"audio\/mpeg\" src=\"https:\/\/edsondavid.com.br\/tphu\/wp-content\/uploads\/2025\/05\/Culto-ao-Exu-1.mp3?_=8\" \/><a href=\"https:\/\/edsondavid.com.br\/tphu\/wp-content\/uploads\/2025\/05\/Culto-ao-Exu-1.mp3\">https:\/\/edsondavid.com.br\/tphu\/wp-content\/uploads\/2025\/05\/Culto-ao-Exu-1.mp3<\/a><\/audio>\n<p><strong>Culto ao Exu &#8211; Parte 1<\/strong><\/p>\n<audio class=\"wp-audio-shortcode\" id=\"audio-498-9\" preload=\"none\" style=\"width: 100%;\" controls=\"controls\"><source type=\"audio\/mpeg\" src=\"https:\/\/edsondavid.com.br\/tphu\/wp-content\/uploads\/2025\/05\/Culto-ao-Exu-2.mp3?_=9\" \/><a href=\"https:\/\/edsondavid.com.br\/tphu\/wp-content\/uploads\/2025\/05\/Culto-ao-Exu-2.mp3\">https:\/\/edsondavid.com.br\/tphu\/wp-content\/uploads\/2025\/05\/Culto-ao-Exu-2.mp3<\/a><\/audio>\n<p><strong>Culto ao Exu &#8211; Parte 2<\/strong><\/p>\n<audio class=\"wp-audio-shortcode\" id=\"audio-498-10\" preload=\"none\" style=\"width: 100%;\" controls=\"controls\"><source type=\"audio\/mpeg\" src=\"https:\/\/edsondavid.com.br\/tphu\/wp-content\/uploads\/2025\/05\/Culto-ao-Exu-3.mp3?_=10\" \/><a href=\"https:\/\/edsondavid.com.br\/tphu\/wp-content\/uploads\/2025\/05\/Culto-ao-Exu-3.mp3\">https:\/\/edsondavid.com.br\/tphu\/wp-content\/uploads\/2025\/05\/Culto-ao-Exu-3.mp3<\/a><\/audio>\n<p><strong>Culto ao Exu &#8211; Parte 3<\/strong><\/p>\n<audio class=\"wp-audio-shortcode\" id=\"audio-498-11\" preload=\"none\" style=\"width: 100%;\" controls=\"controls\"><source type=\"audio\/mpeg\" src=\"https:\/\/edsondavid.com.br\/tphu\/wp-content\/uploads\/2025\/05\/Culto-ao-Exu-4.mp3?_=11\" \/><a href=\"https:\/\/edsondavid.com.br\/tphu\/wp-content\/uploads\/2025\/05\/Culto-ao-Exu-4.mp3\">https:\/\/edsondavid.com.br\/tphu\/wp-content\/uploads\/2025\/05\/Culto-ao-Exu-4.mp3<\/a><\/audio>\n<p><strong>Culto ao Exu &#8211; Parte 4<\/strong><\/p>\n<audio class=\"wp-audio-shortcode\" id=\"audio-498-12\" preload=\"none\" style=\"width: 100%;\" controls=\"controls\"><source type=\"audio\/mpeg\" src=\"https:\/\/edsondavid.com.br\/tphu\/wp-content\/uploads\/2025\/06\/Preparacao-Conselho-Carmico-Purificacao-Chama-Violeta.mp3?_=12\" \/><a href=\"https:\/\/edsondavid.com.br\/tphu\/wp-content\/uploads\/2025\/06\/Preparacao-Conselho-Carmico-Purificacao-Chama-Violeta.mp3\">https:\/\/edsondavid.com.br\/tphu\/wp-content\/uploads\/2025\/06\/Preparacao-Conselho-Carmico-Purificacao-Chama-Violeta.mp3<\/a><\/audio>\n<p><strong>Prepara\u00e7\u00e3o Conselho C\u00e1rmico &#8211; Purifica\u00e7\u00e3o &#8211; Chama Violeta<\/strong><\/p>\n<audio class=\"wp-audio-shortcode\" id=\"audio-498-13\" preload=\"none\" style=\"width: 100%;\" controls=\"controls\"><source type=\"audio\/mpeg\" src=\"https:\/\/edsondavid.com.br\/tphu\/wp-content\/uploads\/2025\/07\/1.mp3?_=13\" \/><a href=\"https:\/\/edsondavid.com.br\/tphu\/wp-content\/uploads\/2025\/07\/1.mp3\">https:\/\/edsondavid.com.br\/tphu\/wp-content\/uploads\/2025\/07\/1.mp3<\/a><\/audio>\n<audio class=\"wp-audio-shortcode\" id=\"audio-498-14\" preload=\"none\" style=\"width: 100%;\" controls=\"controls\"><source type=\"audio\/mpeg\" src=\"https:\/\/edsondavid.com.br\/tphu\/wp-content\/uploads\/2025\/07\/2.mp3?_=14\" \/><a href=\"https:\/\/edsondavid.com.br\/tphu\/wp-content\/uploads\/2025\/07\/2.mp3\">https:\/\/edsondavid.com.br\/tphu\/wp-content\/uploads\/2025\/07\/2.mp3<\/a><\/audio>\n<p><strong>Aulas Curso Luz &#8211; Permiss\u00e3o Energ\u00e9tica 1,2,3 &#8211; T\u00f3picos Iniciais &#8211; Aula Apostila 01\/01 &#8211; 10\/07\/25<\/strong><\/p>\n<audio class=\"wp-audio-shortcode\" id=\"audio-498-15\" preload=\"none\" style=\"width: 100%;\" controls=\"controls\"><source type=\"audio\/mpeg\" src=\"https:\/\/edsondavid.com.br\/tphu\/wp-content\/uploads\/2025\/08\/Mantra-Ztrion1.mp3?_=15\" \/><a href=\"https:\/\/edsondavid.com.br\/tphu\/wp-content\/uploads\/2025\/08\/Mantra-Ztrion1.mp3\">https:\/\/edsondavid.com.br\/tphu\/wp-content\/uploads\/2025\/08\/Mantra-Ztrion1.mp3<\/a><\/audio>\n<p><strong>Mantra Ztrion1 &#8211; 21\/08\/2025 &#8211; Parte 1<\/strong><\/p>\n<audio class=\"wp-audio-shortcode\" id=\"audio-498-16\" preload=\"none\" style=\"width: 100%;\" controls=\"controls\"><source type=\"audio\/mpeg\" src=\"https:\/\/edsondavid.com.br\/tphu\/wp-content\/uploads\/2025\/08\/Mantra-Ztrion2.mp3?_=16\" \/><a href=\"https:\/\/edsondavid.com.br\/tphu\/wp-content\/uploads\/2025\/08\/Mantra-Ztrion2.mp3\">https:\/\/edsondavid.com.br\/tphu\/wp-content\/uploads\/2025\/08\/Mantra-Ztrion2.mp3<\/a><\/audio>\n<p><strong>Mantra Ztrion1 &#8211; 21\/08\/2025 &#8211; Parte 2<\/strong><\/p>\n<audio class=\"wp-audio-shortcode\" id=\"audio-498-17\" preload=\"none\" style=\"width: 100%;\" controls=\"controls\"><source type=\"audio\/mpeg\" src=\"https:\/\/edsondavid.com.br\/tphu\/wp-content\/uploads\/2025\/12\/Manto-da-Divina-Chama-Violeta-para-todas-as-nossas-situacoes.mp3?_=17\" \/><a href=\"https:\/\/edsondavid.com.br\/tphu\/wp-content\/uploads\/2025\/12\/Manto-da-Divina-Chama-Violeta-para-todas-as-nossas-situacoes.mp3\">https:\/\/edsondavid.com.br\/tphu\/wp-content\/uploads\/2025\/12\/Manto-da-Divina-Chama-Violeta-para-todas-as-nossas-situacoes.mp3<\/a><\/audio>\n<p><strong>Manto da Divina Chama Violeta para todas as nossas situa\u00e7\u00f5es<\/strong><\/p>\n<audio class=\"wp-audio-shortcode\" id=\"audio-498-18\" preload=\"none\" style=\"width: 100%;\" controls=\"controls\"><source type=\"audio\/mpeg\" src=\"https:\/\/edsondavid.com.br\/tphu\/wp-content\/uploads\/2026\/01\/Neto-Benedito-Mantos-de-Luz-01-01-2026.mp3?_=18\" \/><a href=\"https:\/\/edsondavid.com.br\/tphu\/wp-content\/uploads\/2026\/01\/Neto-Benedito-Mantos-de-Luz-01-01-2026.mp3\">https:\/\/edsondavid.com.br\/tphu\/wp-content\/uploads\/2026\/01\/Neto-Benedito-Mantos-de-Luz-01-01-2026.mp3<\/a><\/audio>\n<p><strong>Neto Benedito &#8211; Mantos de Luz 01\/01\/2026<\/strong><\/p>\n","protected":false},"excerpt":{"rendered":"<p>Neto Benedito &#8211; Aula 14-08-2024 &#8211; Apostila 01,02, 03 &#8211; Energiza\u00e7\u00e3o Luz Neto Benedito &#8211; Energias Portal 09-09-2024 Neto Benedito &#8211; Aula sobre o MANTO DA CHAMA VIOLETA utiliza\u00e7\u00e3o&#8230; Dia 20-10-2024 &#8211; 1 Neto Benedito &#8211; Aula sobre o MANTO DA CHAMA VIOLETA utiliza\u00e7\u00e3o&#8230; Dia 20-10-2024 &#8211; 2 Uma parte das Sete Semanas Sagradas \u2013 &hellip;<\/p>\n<p class=\"read-more\"> <a class=\"\" href=\"https:\/\/edsondavid.com.br\/tphu\/arca-luz-limpezas-parte-2\/\"> <span class=\"screen-reader-text\">Arca Luz Limpezas &#8211; Parte 2<\/span> Leia mais &raquo;<\/a><\/p>\n","protected":false},"author":1,"featured_media":0,"parent":0,"menu_order":0,"comment_status":"closed","ping_status":"closed","template":"","meta":{"_uag_custom_page_level_css":"","footnotes":""},"class_list":["post-498","page","type-page","status-publish","hentry"],"uagb_featured_image_src":{"full":false,"thumbnail":false,"medium":false,"medium_large":false,"large":false,"1536x1536":false,"2048x2048":false},"uagb_author_info":{"display_name":"admin","author_link":"https:\/\/edsondavid.com.br\/tphu\/author\/admin\/"},"uagb_comment_info":0,"uagb_excerpt":"Neto Benedito &#8211; Aula 14-08-2024 &#8211; Apostila 01,02, 03 &#8211; Energiza\u00e7\u00e3o Luz Neto Benedito &#8211; Energias Portal 09-09-2024 Neto Benedito &#8211; Aula sobre o MANTO DA CHAMA VIOLETA utiliza\u00e7\u00e3o&#8230; Dia 20-10-2024 &#8211; 1 Neto Benedito &#8211; Aula sobre o MANTO DA CHAMA VIOLETA utiliza\u00e7\u00e3o&#8230; Dia 20-10-2024 &#8211; 2 Uma parte das Sete Semanas Sagradas \u2013&hellip;","publishpress_future_action":{"enabled":false,"date":"2026-04-25 15:21:48","action":"change-status","newStatus":"draft","terms":[],"taxonomy":""},"publishpress_future_workflow_manual_trigger":{"enabledWorkflows":[]},"_links":{"self":[{"href":"https:\/\/edsondavid.com.br\/tphu\/wp-json\/wp\/v2\/pages\/498"}],"collection":[{"href":"https:\/\/edsondavid.com.br\/tphu\/wp-json\/wp\/v2\/pages"}],"about":[{"href":"https:\/\/edsondavid.com.br\/tphu\/wp-json\/wp\/v2\/types\/page"}],"author":[{"embeddable":true,"href":"https:\/\/edsondavid.com.br\/tphu\/wp-json\/wp\/v2\/users\/1"}],"replies":[{"embeddable":true,"href":"https:\/\/edsondavid.com.br\/tphu\/wp-json\/wp\/v2\/comments?post=498"}],"version-history":[{"count":15,"href":"https:\/\/edsondavid.com.br\/tphu\/wp-json\/wp\/v2\/pages\/498\/revisions"}],"predecessor-version":[{"id":584,"href":"https:\/\/edsondavid.com.br\/tphu\/wp-json\/wp\/v2\/pages\/498\/revisions\/584"}],"wp:attachment":[{"href":"https:\/\/edsondavid.com.br\/tphu\/wp-json\/wp\/v2\/media?parent=498"}],"curies":[{"name":"wp","href":"https:\/\/api.w.org\/{rel}","templated":true}]}}