{"id":55,"date":"2020-05-23T14:15:05","date_gmt":"2020-05-23T14:15:05","guid":{"rendered":"https:\/\/edsondavid.com.br\/tphu\/?page_id=55"},"modified":"2025-12-06T20:35:20","modified_gmt":"2025-12-06T20:35:20","slug":"home","status":"publish","type":"page","link":"https:\/\/edsondavid.com.br\/tphu\/","title":{"rendered":"Home"},"content":{"rendered":"\r\n<section class=\"wp-block-uagb-section uagb-section__wrap uagb-section__background-image uagb-block-fa6358d5-8af0-4398-90ae-3c93a0e3928e\">\r\n<div class=\"uagb-section__overlay\">\u00a0<\/div>\r\n<\/section>\r\n<div class=\"wp-block-uagb-info-box uagb-infobox__outer-wrap uagb-block-977ff883-d48c-4922-bc26-398330547387\">\r\n<div class=\"uagb-infobox__content-wrap uagb-infobox uagb-infobox-has-icon uagb-infobox-icon-above-title uagb-infobox-image-valign-top uagb-infobox-enable-border-radius \">\r\n<div class=\"uagb-ifb-left-right-wrap\">\r\n<div class=\"uagb-ifb-content\">\r\n<div class=\"uagb-ifb-image-icon-content uagb-ifb-imgicon-wrap\">\r\n<h4 style=\"text-align: center;\"><span style=\"color: #800080;\">Conhe\u00e7a o <strong>Espa\u00e7o Hol\u00edstico, Inici\u00e1tico e Centro de Estudos da M\u00e3e Luz<\/strong><\/span><\/h4>\r\n<ul>\r\n<li class=\"uagb-ifb-icon-wrap\" style=\"text-align: left;\"><strong style=\"font-family: 'Courier 10 Pitch', Courier, monospace; font-size: 1em;\"><span style=\"color: #800080;\">Emocional abalado?<\/span><\/strong><\/li>\r\n<li class=\"uagb-ifb-icon-wrap\" style=\"text-align: left;\"><strong style=\"font-family: 'Courier 10 Pitch', Courier, monospace; font-size: 1em;\"><span style=\"color: #800080;\">Precisando se equilibrar? <\/span><\/strong><\/li>\r\n<li class=\"uagb-ifb-icon-wrap\" style=\"text-align: left;\"><strong style=\"font-family: 'Courier 10 Pitch', Courier, monospace; font-size: 1em;\"><span style=\"color: #800080;\">Imunidade baixa?<\/span><\/strong><\/li>\r\n<li class=\"uagb-ifb-icon-wrap\" style=\"text-align: left;\"><strong style=\"font-family: 'Courier 10 Pitch', Courier, monospace; font-size: 1em;\"><span style=\"color: #800080;\">Precisando de prote\u00e7\u00e3o?<\/span><\/strong><\/li>\r\n<li class=\"uagb-ifb-icon-wrap\" style=\"text-align: left;\"><strong style=\"font-family: 'Courier 10 Pitch', Courier, monospace; font-size: 1em;\"><span style=\"color: #800080;\">Restabelecer a sa\u00fade? <\/span><\/strong><\/li>\r\n<li class=\"uagb-ifb-icon-wrap\" style=\"text-align: left;\"><strong style=\"font-family: 'Courier 10 Pitch', Courier, monospace; font-size: 1em;\"><span style=\"color: #800080;\">Sem energia?<\/span><\/strong><\/li>\r\n<\/ul>\r\n<h3><a href=\"https:\/\/edsondavid.com.br\/tphu\/quem-somos\/\" target=\"_blank\" rel=\"noopener\">Conhe\u00e7a mais informa\u00e7\u00f5es clicando aqui<\/a><\/h3>\r\n<p><strong style=\"color: #800080; font-size: 16px;\">Receba os benef\u00edcios:<\/strong><span style=\"color: #800080; font-size: 16px;\"> Reiki Luz, Cura Luz, Laser Luz, Arca Luz e Cr\u00e2nio Luz.<\/span><\/p>\r\n<\/div>\r\n<p style=\"text-align: left;\"><span style=\"color: #800080;\">Barra de Access, Remo\u00e7\u00e3o de Ondas Vibracionais Nocivas e demais atendimentos terap\u00eauticos energ\u00e9ticos.<\/span><br \/><span style=\"color: #800080;\">Presenciais e a dist\u00e2ncia.<\/span><\/p>\r\n<div class=\"uagb-ifb-title-wrap\" style=\"text-align: center;\"><span class=\"uagb-ifb-title-prefix\" style=\"color: #800080;\"><strong>Terapeuta Hol\u00edstico &#8211; <\/strong><strong>Edson Pereira:<\/strong> <span style=\"color: #800080;\">(17) 99259-7081<\/span>\u00a0 <\/span><\/div>\r\n<div class=\"uagb-ifb-title-wrap\" style=\"text-align: center;\"><span class=\"uagb-ifb-title-prefix\" style=\"color: #800080;\"><strong>Terapeuta Hol\u00edstica &#8211; Paula Pereira:<\/strong> <span style=\"color: #800080;\">(17) 99229-0654<\/span><\/span><\/div>\r\n<p style=\"text-align: center;\"><em style=\"font-size: 16px;\"><strong><span style=\"color: #800080;\"><span class=\"uagb-ifb-title-prefix\">Mestres Guardi\u00f5es e Magos do Fogo Violeta &#8211; Mestres em Reiki <\/span><\/span><\/strong><\/em><\/p>\r\n<p style=\"text-align: center;\"><em style=\"font-size: 16px;\"><strong><span style=\"color: #800080;\">Utilizando a Chama Violeta<\/span><\/strong><\/em><\/p>\r\n<h4 style=\"text-align: center;\"><span style=\"color: #800080;\">Venha nos fazer uma visita, e se surpreenda &#8211; <a href=\"https:\/\/edsondavid.com.br\/tphu\/quem-somos\/\" target=\"_blank\" rel=\"noopener\">Clique para maiores informa\u00e7\u00f5es<\/a>.<\/span><\/h4>\r\n<pre style=\"text-align: center;\"><span style=\"color: #800080;\"><strong>Atualizado em 06 de dezembro de 2025!<\/strong><\/span><\/pre>\r\n<\/div>\r\n<\/div>\r\n<\/div>\r\n<\/div>\r\n","protected":false},"excerpt":{"rendered":"","protected":false},"author":1,"featured_media":0,"parent":0,"menu_order":0,"comment_status":"closed","ping_status":"closed","template":"","meta":{"_uag_custom_page_level_css":"","footnotes":""},"class_list":["post-55","page","type-page","status-publish","hentry"],"uagb_featured_image_src":{"full":false,"thumbnail":false,"medium":false,"medium_large":false,"large":false,"1536x1536":false,"2048x2048":false},"uagb_author_info":{"display_name":"admin","author_link":"https:\/\/edsondavid.com.br\/tphu\/author\/admin\/"},"uagb_comment_info":0,"uagb_excerpt":null,"publishpress_future_action":{"enabled":false,"date":"2026-05-11 13:33:54","action":"change-status","newStatus":"draft","terms":[],"taxonomy":""},"publishpress_future_workflow_manual_trigger":{"enabledWorkflows":[]},"_links":{"self":[{"href":"https:\/\/edsondavid.com.br\/tphu\/wp-json\/wp\/v2\/pages\/55"}],"collection":[{"href":"https:\/\/edsondavid.com.br\/tphu\/wp-json\/wp\/v2\/pages"}],"about":[{"href":"https:\/\/edsondavid.com.br\/tphu\/wp-json\/wp\/v2\/types\/page"}],"author":[{"embeddable":true,"href":"https:\/\/edsondavid.com.br\/tphu\/wp-json\/wp\/v2\/users\/1"}],"replies":[{"embeddable":true,"href":"https:\/\/edsondavid.com.br\/tphu\/wp-json\/wp\/v2\/comments?post=55"}],"version-history":[{"count":24,"href":"https:\/\/edsondavid.com.br\/tphu\/wp-json\/wp\/v2\/pages\/55\/revisions"}],"predecessor-version":[{"id":580,"href":"https:\/\/edsondavid.com.br\/tphu\/wp-json\/wp\/v2\/pages\/55\/revisions\/580"}],"wp:attachment":[{"href":"https:\/\/edsondavid.com.br\/tphu\/wp-json\/wp\/v2\/media?parent=55"}],"curies":[{"name":"wp","href":"https:\/\/api.w.org\/{rel}","templated":true}]}}