{"id":556,"date":"2025-07-11T11:46:37","date_gmt":"2025-07-11T11:46:37","guid":{"rendered":"https:\/\/edsondavid.com.br\/tphu\/?page_id=556"},"modified":"2025-07-28T20:28:52","modified_gmt":"2025-07-28T20:28:52","slug":"convenio-terapeutico","status":"publish","type":"page","link":"https:\/\/edsondavid.com.br\/tphu\/convenio-terapeutico\/","title":{"rendered":"Conv\u00eanio Terap\u00eautico"},"content":{"rendered":"\r\n<p class=\"has-text-align-center\" style=\"text-align: center;\"><strong>PROJETO LUZ CULTURA DA LUZ<\/strong><\/p>\r\n<p style=\"text-align: center;\"><strong>CONV\u00caNIO TERAP\u00caUTICO<\/strong><\/p>\r\n\r\n\r\n\r\n<p class=\"has-text-align-center\" style=\"text-align: center;\"><strong><em>***CURSOS E ESTUDOS LUZ &#8211; CONSISTE NO ENTENDIMENTO &#8211; DO ALTO, DO MEIO E DO EMBAIXO&#8230;<\/em><\/strong><strong><em>***<\/em><\/strong><\/p>\r\n\r\n\r\n\r\n<p class=\"has-text-align-center\" style=\"text-align: center;\"><strong>A Ci\u00eancia da Palavra Falada<\/strong> &#8211; <strong>A Magia das Energias LUZ \u00cdgneas Cristalinas<\/strong><\/p>\r\n<p class=\"has-text-align-center\" style=\"text-align: center;\"><strong>O Livro Mist\u00e9rio LUZ do Guardi\u00e3o Exu<\/strong>\u00a0<\/p>\r\n\r\n\r\n\r\n<p class=\"has-text-align-center\" style=\"text-align: center;\"><strong>777<\/strong> <strong>(<\/strong>7 <strong>Centros Energ\u00e9ticos *\u00a0 7\u00a0 Inv\u00f3lucros<\/strong> &#8211; <strong>7 Elementos da Natureza )<\/strong><\/p>\r\n\r\n\r\n\r\n<p class=\"has-text-align-center\"><strong><u>21<\/u><\/strong> <strong>FOR\u00c7AS DIVINAS VIVAS E AVIVADAS<\/strong><\/p>\r\n\r\n\r\n\r\n<p>01 &#8211; ENERGIZA\u00c7\u00c3O A CURA PELA ENERGIA LUZ.<br \/>02 &#8211; CONVOCA\u00c7\u00c3O DE LUZ.<br \/>03 &#8211; MOVIMENTO ENERGIA LUZ DA LUZ E ENERGIA PAZ PELA PAZ.<br \/>04 &#8211; ESTUDOS SOBRE AS SETE LEIS C\u00d3SMICAS.<br \/>05 &#8211; CHAMA VIOLETA COM O CULTO \u201cLUZ\u201d AOS NOSSOS ANTEPASSADOS E ANCESTRAIS.<br \/>06 &#8211; SA\u00daDE ENERG\u00c9TICA O SER HUMANO E A LINGUAGEM DO CORPO.<br \/>07 &#8211; EGR\u00c9GORA DA LUZ DIVINA DA ENERGIA DIVINA.<br \/>08 &#8211; MANTO DA CHAMA VIOLETA.<br \/>09 &#8211; ENERGIA C\u00d3SMICA SOLAR VIOLETA A CURA PELA ENERGIA \u201cLUZ\u201d.<br \/>10 &#8211; MAGIA DAS ENERGIAS LUZ \u00cdGNEAS E CRISTALINAS A LUZ DA MAGIA DO FOGO.<br \/>11 &#8211; RADIESTESIA E RADI\u00d4NICA LUZ.<br \/>12 &#8211; TAR\u00d4 DOS ARCANOS MAIORES PARA AUTOAJUDA E AUTOCURA.<br \/>13 &#8211; ESTADO DE CONSCI\u00caNCIA LUZ, DAS OITAVAS DE LUZ E DA CONSCI\u00caNCIA LUZ INTERNA.<br \/>14 &#8211; DESBLOQUEIO E REPOSI\u00c7\u00c3O ENERG\u00c9TICA COM A LUZ.\u00a0<br \/>15 &#8211; REIKI VIOLETA N\u00cdVEL I.<br \/>16 &#8211; REIKI VIOLETA N\u00cdVEL II.<br \/>17 &#8211; REIKI VIOLETA N\u00cdVEL III.<br \/>18 &#8211; REIKI VIOLETA N\u00cdVEL III-A.<br \/>19 &#8211; REIKI VIOLETA N\u00cdVEL III-B.<br \/>20 &#8211; O CR\u00c2NIO O RECEPT\u00c1CULO DO CRISTAL.<br \/>21 &#8211; VIS\u00c3O LUZ DO RAIO VIOLETA.<\/p>\r\n\r\n\r\n\r\n<p class=\"has-text-align-center\"><strong>CURSO LUZ MINISTRADO PELO GUARDI\u00c3O DA LUZ! NETO BENEDITO<\/strong><\/p>\r\n\r\n\r\n\r\n<p class=\"has-text-align-center\"><strong>PROJETO LUZ CULTURA DA LUZ<\/strong><\/p>\r\n\r\n\r\n\r\n<p class=\"has-text-align-center\"><strong>CONHE\u00c7AM NOSSOS BENEF\u00cdCIOS ENERG\u00c9TICOS<\/strong><\/p>\r\n\r\n\r\n\r\n<p class=\"has-text-align-center\"><strong>VALOR \u00b4\u00daNICO PARA TODO O CONJUNTO DE BENEF\u00cdCIOS &#8211; R$ 150,00 MENSAL<\/strong><\/p>\r\n\r\n\r\n\r\n<p class=\"has-text-align-center\"><strong>INCLUINDO O C\u00d3DIGO DE LUZ AYAM<\/strong>.<\/p>\r\n\r\n\r\n\r\n<p class=\"has-text-align-center\">G<strong>UARDI\u00c3O E MAGO DO FOGO VIOLETA:<\/strong><\/p>\r\n<p class=\"has-text-align-center\"><strong>NETO BENEDITO FONE: +55<\/strong> <strong>19 99157<\/strong>&#8211;<strong>7808 &#8211;\u00a0<\/strong><strong>EDSON PEREIRA FONE: +55 17 99259-7081<\/strong><\/p>\r\n","protected":false},"excerpt":{"rendered":"<p>PROJETO LUZ CULTURA DA LUZ CONV\u00caNIO TERAP\u00caUTICO ***CURSOS E ESTUDOS LUZ &#8211; CONSISTE NO ENTENDIMENTO &#8211; DO ALTO, DO MEIO E DO EMBAIXO&#8230;*** A Ci\u00eancia da Palavra Falada &#8211; A Magia das Energias LUZ \u00cdgneas Cristalinas O Livro Mist\u00e9rio LUZ do Guardi\u00e3o Exu\u00a0 777 (7 Centros Energ\u00e9ticos *\u00a0 7\u00a0 Inv\u00f3lucros &#8211; 7 Elementos da Natureza &hellip;<\/p>\n<p class=\"read-more\"> <a class=\"\" href=\"https:\/\/edsondavid.com.br\/tphu\/convenio-terapeutico\/\"> <span class=\"screen-reader-text\">Conv\u00eanio Terap\u00eautico<\/span> Leia mais &raquo;<\/a><\/p>\n","protected":false},"author":1,"featured_media":0,"parent":0,"menu_order":0,"comment_status":"closed","ping_status":"closed","template":"","meta":{"_uag_custom_page_level_css":"","footnotes":""},"class_list":["post-556","page","type-page","status-publish","hentry"],"uagb_featured_image_src":{"full":false,"thumbnail":false,"medium":false,"medium_large":false,"large":false,"1536x1536":false,"2048x2048":false},"uagb_author_info":{"display_name":"admin","author_link":"https:\/\/edsondavid.com.br\/tphu\/author\/admin\/"},"uagb_comment_info":0,"uagb_excerpt":"PROJETO LUZ CULTURA DA LUZ CONV\u00caNIO TERAP\u00caUTICO ***CURSOS E ESTUDOS LUZ &#8211; CONSISTE NO ENTENDIMENTO &#8211; DO ALTO, DO MEIO E DO EMBAIXO&#8230;*** A Ci\u00eancia da Palavra Falada &#8211; A Magia das Energias LUZ \u00cdgneas Cristalinas O Livro Mist\u00e9rio LUZ do Guardi\u00e3o Exu\u00a0 777 (7 Centros Energ\u00e9ticos *\u00a0 7\u00a0 Inv\u00f3lucros &#8211; 7 Elementos da Natureza&hellip;","publishpress_future_action":{"enabled":false,"date":"2026-04-25 14:53:36","action":"change-status","newStatus":"draft","terms":[],"taxonomy":""},"publishpress_future_workflow_manual_trigger":{"enabledWorkflows":[]},"_links":{"self":[{"href":"https:\/\/edsondavid.com.br\/tphu\/wp-json\/wp\/v2\/pages\/556"}],"collection":[{"href":"https:\/\/edsondavid.com.br\/tphu\/wp-json\/wp\/v2\/pages"}],"about":[{"href":"https:\/\/edsondavid.com.br\/tphu\/wp-json\/wp\/v2\/types\/page"}],"author":[{"embeddable":true,"href":"https:\/\/edsondavid.com.br\/tphu\/wp-json\/wp\/v2\/users\/1"}],"replies":[{"embeddable":true,"href":"https:\/\/edsondavid.com.br\/tphu\/wp-json\/wp\/v2\/comments?post=556"}],"version-history":[{"count":8,"href":"https:\/\/edsondavid.com.br\/tphu\/wp-json\/wp\/v2\/pages\/556\/revisions"}],"predecessor-version":[{"id":564,"href":"https:\/\/edsondavid.com.br\/tphu\/wp-json\/wp\/v2\/pages\/556\/revisions\/564"}],"wp:attachment":[{"href":"https:\/\/edsondavid.com.br\/tphu\/wp-json\/wp\/v2\/media?parent=556"}],"curies":[{"name":"wp","href":"https:\/\/api.w.org\/{rel}","templated":true}]}}