{"id":62,"date":"2020-05-23T19:57:21","date_gmt":"2020-05-23T19:57:21","guid":{"rendered":"https:\/\/edsondavid.com.br\/tphu\/?page_id=62"},"modified":"2022-08-07T21:11:53","modified_gmt":"2022-08-07T21:11:53","slug":"quem-somos","status":"publish","type":"page","link":"https:\/\/edsondavid.com.br\/tphu\/quem-somos\/","title":{"rendered":"Quem somos"},"content":{"rendered":"\r\n<section class=\"wp-block-uagb-section uagb-section__wrap uagb-section__background-undefined uagb-block-bdd440b5-ba83-4703-a37d-2ece52ad35d2\">\r\n<div class=\"uagb-section__overlay\">\r\n<h4 style=\"text-align: center;\"><span style=\"color: #800080;\"><strong>Espa\u00e7o Hol\u00edstico, Inici\u00e1tico e Centro de Estudos da M\u00e3e Luz<\/strong><\/span><\/h4>\r\n<p style=\"text-align: center;\"><span style=\"color: #800080;\"><strong>Terapeuta Hol\u00edstico \u2013\u00a0<\/strong><strong>Edson Pereira:<\/strong>\u00a0(17) 99259-7081\u00a0<br \/><\/span><span style=\"color: #800080;\"><strong>Terapeuta Hol\u00edstica \u2013 Paula Pereira:<\/strong>\u00a0(17) 99229-0654<\/span><\/p>\r\n<p style=\"text-align: center;\"><span style=\"color: #800080;\"><em><strong><span class=\"uagb-ifb-title-prefix\">Mestres Guardi\u00f5es e Magos do Fogo Violeta \u2013 Mestres em Reiki<\/span><\/strong><\/em><\/span><\/p>\r\n<\/div>\r\n<\/section>\r\n<p>&nbsp;<\/p>\r\n<p>&nbsp;<\/p>\r\n<p>&nbsp;<\/p>\r\n<p><img loading=\"lazy\" decoding=\"async\" class=\"alignnone size-medium wp-image-326 aligncenter\" src=\"https:\/\/edsondavid.com.br\/tphu\/wp-content\/uploads\/2021\/02\/Mestre-Saint-Germain-209x300.jpg\" alt=\"Mestre Saint Germain\" width=\"209\" height=\"300\" srcset=\"https:\/\/edsondavid.com.br\/tphu\/wp-content\/uploads\/2021\/02\/Mestre-Saint-Germain-209x300.jpg 209w, https:\/\/edsondavid.com.br\/tphu\/wp-content\/uploads\/2021\/02\/Mestre-Saint-Germain-714x1024.jpg 714w, https:\/\/edsondavid.com.br\/tphu\/wp-content\/uploads\/2021\/02\/Mestre-Saint-Germain-768x1101.jpg 768w, https:\/\/edsondavid.com.br\/tphu\/wp-content\/uploads\/2021\/02\/Mestre-Saint-Germain.jpg 820w\" sizes=\"(max-width: 209px) 100vw, 209px\" \/><\/p>\r\n<section class=\"wp-block-uagb-section uagb-section__wrap uagb-section__background-undefined uagb-block-bdd440b5-ba83-4703-a37d-2ece52ad35d2\">\r\n<div class=\"uagb-section__inner-wrap\">\r\n<p style=\"text-align: center;\"><span style=\"color: #800080;\">Quando n\u00e3o se sobe na Luz, que \u00e9 conhecimento e pureza, desce-se.<\/span><br \/><span style=\"color: #800080;\">Amai-vos uns aos outros e n\u00e3o critiqueis ningu\u00e9m.<\/span><br \/><span style=\"color: #800080;\">Que vossas rela\u00e7\u00f5es sejam puras de toda maledic\u00eancia e de toda animosidade.<\/span><br \/><span style=\"color: #800080;\">O ensinamento do Mestre <strong>SAINT GERMAIN<\/strong> \u00e9 talvez severo, mas sua aplica\u00e7\u00e3o, com a<\/span><br \/><span style=\"color: #800080;\">ajuda da Chama Violeta, traz a pureza e a liberdade.<\/span><br \/><span style=\"color: #800080;\">Os numerosos apelos da Chama Violeta vos permitir\u00e3o pedir aquilo de que tendes<\/span><br \/><span style=\"color: #800080;\">necessidade, mas n\u00e3o esque\u00e7ais nunca de pedir, porque, se nada pedirdes, nada<\/span><br \/><span style=\"color: #800080;\">recebereis. Extra\u00eddo do Livro da Chama Violeta de Vahali. <\/span><\/p>\r\n<p style=\"text-align: center;\"><span style=\"color: #800080;\">Conhe\u00e7a in\u00fameros apelos no link &#8211;&gt; <\/span><a href=\"http:\/\/edsondavid.com.br\/apelos_mantras_decretos\/\">Apelos, Mantras e Decretos<\/a><\/p>\r\n<div style=\"width: 384px;\" class=\"wp-video\"><!--[if lt IE 9]><script>document.createElement('video');<\/script><![endif]-->\n<video class=\"wp-video-shortcode\" id=\"video-62-1\" width=\"384\" height=\"384\" preload=\"metadata\" controls=\"controls\"><source type=\"video\/mp4\" src=\"https:\/\/edsondavid.com.br\/tphu\/wp-content\/uploads\/2022\/07\/Chama-Violeta.mp4?_=1\" \/><a href=\"https:\/\/edsondavid.com.br\/tphu\/wp-content\/uploads\/2022\/07\/Chama-Violeta.mp4\">https:\/\/edsondavid.com.br\/tphu\/wp-content\/uploads\/2022\/07\/Chama-Violeta.mp4<\/a><\/video><\/div>\r\n<p style=\"text-align: center;\"><span style=\"color: #800080;\">A <strong>CHAMA VIOLETA \u00c9 A CHAMA DA MISERIC\u00d3RDIA E DO PERD\u00c3O<\/strong>. A CHAMA VIOLETA \u00c9 UMA ENERGIA ESPIRITUAL&#8230;<\/span><\/p>\r\n<p style=\"text-align: center;\"><span style=\"color: #800080;\">ESTA ENERGIA ESPIRITUAL \u00c9 O FOGO ESPIRITUAL DA COR LIL\u00c1S, VIOLETA, ROXA,<\/span><\/p>\r\n<p style=\"text-align: center;\"><span style=\"color: #800080;\">QUE TRANSMUTA, QUE TRANSFORMA, QUE CURA&#8230;<\/span><\/p>\r\n<p style=\"text-align: center;\"><span style=\"color: #800080;\">A CHAMA VIOLETA \u00c9 O \u201cSAGRADO FOGO DO DIVINO ESP\u00cdRITO SANTO DE DEUS!\u201d.<\/span><\/p>\r\n<p style=\"text-align: center;\"><span style=\"color: #800080;\">ESTE FOGO ESPIRITUAL TEM TAMB\u00c9M UMA A\u00c7\u00c3O F\u00cdSICA EM EXPONENCIAL PARA TODA A MAT\u00c9RIA E PARA O ESP\u00cdRITO&#8230;<\/span><\/p>\r\n<p style=\"text-align: center;\"><span style=\"color: #800080;\">A CHAMA VIOLETA, O FOGO VIOLETA QUE \u00c9 UMA ENERGIA ESPIRITUAL, QUE AGE COMO FOGO ESPIRITUAL DIVINO<\/span><\/p>\r\n<p style=\"text-align: center;\"><span style=\"color: #800080;\">ELE PODE SER CHAMADO, ENVIADO E EMANAD PARA TODAS AS \u00c1REAS DE SUA VIDA F\u00cdSICA DO PASSADO, DO PRESENTE E DO FUTURO! USE A CHAMA VIOLETA, JUNTO AO SEU CART\u00c3O IMANTADO NULIFICADOR BPLC&#8230; ACIONE O SEU <strong>C\u00d3DIGO DE LUZ AYAM<\/strong>.<\/span><\/p>\r\n<p style=\"text-align: center;\"><span style=\"color: #800080;\">ESTA CHAMA VIOLETA TEM O PODER DIVINO DE TRANSMUTAR, OU SEJA, TRANFORMAR TUDO O QUE \u00c9 NEGATIVO PARA O POSITIVO&#8230; TRANSFORMAR TUDO EM LUZ! CHAMA VIOLETA \u00c9 A A\u00c7\u00c3O DIVINA DO FOGO SAGRADO DE DEUS! \u00c9 EM VERDADE DEUS EM A\u00c7\u00c3O AGORA J\u00c1!<\/span><\/p>\r\n<p style=\"text-align: center;\"><span style=\"color: #800080;\">\u201cA CHAMA VIOLETA, O FOGO VIOLETA, O FOGO SAGRADO, O FOGO DE DEUS\u201d PODE SER CRIADA PELO VERBO A VOZ, PELO PENSAMENTO E PELO SENTIMENTO, E SER COLOCADA EM A\u00c7\u00c3O CONT\u00cdNUA EM QUALQUER HORA QUE VOC\u00ca DESEJAR.<\/span><\/p>\r\n<p style=\"text-align: center;\"><span style=\"color: #800080;\">VOC\u00ca PODE EMAN\u00c1-LA A FAVOR DE NOSSO MEIO AMBIENTE, EM FAVOR DE TODA A NATUREZA, DA TERRA E SUA ATMOSFERA, EM FAVOR DE A TODA HUMANIDADE ENCARNADA E DESENCARNADA, EM FAVOR DOS SERES DOS SETE ELEMENTOS DA NATUREZA COM SUAS CORRESPOND\u00caNCIAS&#8230;<\/span><\/p>\r\n<p style=\"text-align: center;\"><span style=\"color: #800080;\">VOC\u00ca PODE MAND\u00c1-LA PARA O TEMPO ATUAL E O TEMPO ATEMPORAL.<\/span><\/p>\r\n<p style=\"text-align: center;\"><span style=\"color: #800080;\">VOC\u00ca PODE MAND\u00c1-LA NAS DIVERSAS SITUA\u00c7\u00d5ES DE SUA VIDA&#8230; PODER\u00c1 USA-LA PARA FAZER CURAR, LIBERTAR, PROTEGER, PROSPERAR, ILUMINAR, CORRIGIR, MELHORAR, DETERMINAR E ASSIM POR DIANTE..<\/span><\/p>\r\n<p style=\"text-align: center;\"><span style=\"color: #800080;\">***USE O FOGO VIOLETA EM TODAS AS SUAS MEM\u00d3RIAS, EM SEUS PENSAMENTOS, SENTIMENTOS, LEMBRAN\u00c7AS, EM SEU DNA E SUAS A\u00c7\u00d5ES&#8230; USE-AS EM TODAS AS CAUSAS DAS CAUSAS, MESMO SENDO \u201cELAS\u201d AS CAUSAS CONHECIDAS OU DESCONHECIDAS&#8230; NO TEMPO E NO N\u00c3O TEMPO!<\/span><\/p>\r\n<p style=\"text-align: center;\"><span style=\"color: #800080;\">***USE-AS EM TODOS OS ACONTECIMENTOS, EM TODAS AS SITUA\u00c7\u00d5ES, EM TODOS OS FATOS, EM TODOS OS SINTOMAS, EM TODAS AS REA\u00c7\u00d5ES E SEUS EFEITOS&#8230;<\/span><\/p>\r\n<p style=\"text-align: center;\"><span style=\"color: #800080;\">***USE ESTE FOGO PURIFICADOR\/CONSUMIDOR, ESTE FOGO SOLVEDOR\/DISSOLVENTE\/DILUIDOR, ESTE FOGO TRANSFORMADOR\/TRANSMUTADOR&#8230;<\/span><\/p>\r\n<p style=\"text-align: center;\"><span style=\"color: #800080;\">***USE ESTE MARAVILHOSO INSTRUMENTO DIVINO&#8230; CURE O KARMA NEGATIVO E COLOQUE TUDO NA ORDEM DIVINA&#8230; COLOQUE TUDO NA \u201cCURA PELA ENERGIA LUZ\u201d &#8230;NA ENERGIA PLENA DA DEUSA LUZ DO DEUS LUZ!<\/span><\/p>\r\n<p style=\"text-align: center;\"><span style=\"color: #800080;\">A LUZ DA CHAMA VIOLETA PODE SER ACIONADA ATRAV\u00c9S DE:<\/span><\/p>\r\n<p style=\"text-align: center;\"><span style=\"color: #800080;\">SENTIMENTOS, PENSAMENTOS, IMAGINA\u00c7\u00d5ES, VISUALIZA\u00c7\u00d5ES, PRECES, ORA\u00c7\u00d5ES, AFIRMA\u00c7\u00d5ES, APELOS, DECRETOS, ENTOA\u00c7\u00d5ES, MANTRAS, VERBALIZA\u00c7\u00d5ES, NOSSOS NULIFICADORES, ENTRE OUTROS&#8230; FA\u00c7A TUDO EM NOME DE DEUS A TODA PODEROSA PRESEN\u00c7A \u201cEU SOU\u201d O DEUS EM MIM, EM N\u00d3S QUE \u00c9S LUZ.<\/span><\/p>\r\n<p style=\"text-align: center;\"><span style=\"color: #800080;\"><strong>*APELO:<\/strong> CHAMA VIOLETA, MISERIC\u00d3RDIA DIVINA, SOBRE (&#8230;&#8230;&#8230;&#8230;&#8230;&#8230;&#8230;&#8230;) DESCE; DESCE, DESCE, DESCE. (tr\u00eas vezes o todo)<\/span><\/p>\r\n<p style=\"text-align: center;\"><span style=\"color: #800080;\"><strong>*DECRETO:<\/strong> EU SOU UM SER DE FOGO VIOLETA! EU SOU A PUREZA QUE DEUS DESEJA! (tr\u00eas vezes o todo)<\/span><\/p>\r\n<h4><img loading=\"lazy\" decoding=\"async\" class=\"alignnone  wp-image-427 aligncenter\" src=\"https:\/\/edsondavid.com.br\/tphu\/wp-content\/uploads\/2022\/07\/Chama-Violeta-sobre-mim-300x273.jpg\" alt=\"\" width=\"323\" height=\"294\" srcset=\"https:\/\/edsondavid.com.br\/tphu\/wp-content\/uploads\/2022\/07\/Chama-Violeta-sobre-mim-300x273.jpg 300w, https:\/\/edsondavid.com.br\/tphu\/wp-content\/uploads\/2022\/07\/Chama-Violeta-sobre-mim.jpg 711w\" sizes=\"(max-width: 323px) 100vw, 323px\" \/><\/h4>\r\n<p style=\"text-align: center;\"><span style=\"color: #800080;\"><strong>Chama Violeta Miseric\u00f3rdia Divina, desce sobre mim, desce; desce, desce, desce<\/strong><\/span><\/p>\r\n<p style=\"text-align: center;\"><a href=\"http:\/\/www.culturadaluz.com.br\/\"><span style=\"color: #800080;\">Neto Benedito &#8211; ESPA\u00c7O EBPLC &#8211; CULTURA DA LUZ<sup>\u00ae<\/sup><\/span><\/a><\/p>\r\n<p style=\"text-align: center;\"><span style=\"color: #800080;\">CORPORA\u00c7\u00c3O EMPRESARIAL HOL\u00cdSTICA &#8211; TERAPEUTAS HOL\u00cdSTICOS UNIVERSAIS.<\/span><\/p>\r\n<p style=\"text-align: center;\"><span style=\"color: #800080;\">CONHE\u00c7AM NOSSAS TERAPIAS QUE PROPORCIONAR\u00c3O: Cura F\u00edsica, Mental, Emocional e Espiritual.<\/span><\/p>\r\n<p>&nbsp;<\/p>\r\n<\/div>\r\n<\/section>\r\n","protected":false},"excerpt":{"rendered":"","protected":false},"author":1,"featured_media":0,"parent":0,"menu_order":0,"comment_status":"closed","ping_status":"closed","template":"","meta":{"_uag_custom_page_level_css":"","footnotes":""},"class_list":["post-62","page","type-page","status-publish","hentry"],"uagb_featured_image_src":{"full":false,"thumbnail":false,"medium":false,"medium_large":false,"large":false,"1536x1536":false,"2048x2048":false},"uagb_author_info":{"display_name":"admin","author_link":"https:\/\/edsondavid.com.br\/tphu\/author\/admin\/"},"uagb_comment_info":0,"uagb_excerpt":null,"publishpress_future_action":{"enabled":false,"date":"2026-04-25 14:53:11","action":"change-status","newStatus":"draft","terms":[],"taxonomy":""},"publishpress_future_workflow_manual_trigger":{"enabledWorkflows":[]},"_links":{"self":[{"href":"https:\/\/edsondavid.com.br\/tphu\/wp-json\/wp\/v2\/pages\/62"}],"collection":[{"href":"https:\/\/edsondavid.com.br\/tphu\/wp-json\/wp\/v2\/pages"}],"about":[{"href":"https:\/\/edsondavid.com.br\/tphu\/wp-json\/wp\/v2\/types\/page"}],"author":[{"embeddable":true,"href":"https:\/\/edsondavid.com.br\/tphu\/wp-json\/wp\/v2\/users\/1"}],"replies":[{"embeddable":true,"href":"https:\/\/edsondavid.com.br\/tphu\/wp-json\/wp\/v2\/comments?post=62"}],"version-history":[{"count":18,"href":"https:\/\/edsondavid.com.br\/tphu\/wp-json\/wp\/v2\/pages\/62\/revisions"}],"predecessor-version":[{"id":432,"href":"https:\/\/edsondavid.com.br\/tphu\/wp-json\/wp\/v2\/pages\/62\/revisions\/432"}],"wp:attachment":[{"href":"https:\/\/edsondavid.com.br\/tphu\/wp-json\/wp\/v2\/media?parent=62"}],"curies":[{"name":"wp","href":"https:\/\/api.w.org\/{rel}","templated":true}]}}